{"id":14111,"date":"2020-09-24T17:17:48","date_gmt":"2020-09-24T17:17:48","guid":{"rendered":"https:\/\/www.novatec.com\/videos\/"},"modified":"2024-07-12T20:22:58","modified_gmt":"2024-07-12T20:22:58","slug":"videos","status":"publish","type":"page","link":"https:\/\/www.novatec.com\/es\/videos\/","title":{"rendered":"V\u00eddeos"},"content":{"rendered":"<!--themify_builder_content-->\n<div id=\"themify_builder_content-14111\" data-postid=\"14111\" class=\"themify_builder_content themify_builder_content-14111 themify_builder tf_clear\">\n                    <div  data-lazy=\"1\" class=\"module_row themify_builder_row tb_efa2704 tb_first tf_w\">\n            <span  class=\"builder_row_cover tf_abs\" data-lazy=\"1\"><\/span>            <div class=\"row_inner col_align_top tb_col_count_1 tf_box tf_rel\">\n                        <div  data-lazy=\"1\" class=\"module_column tb-column col-full tb_935b754 first\">\n                    <!-- module text -->\n<div  class=\"module module-text tb_gxk1391 listing-title white-color  \" data-lazy=\"1\">\n        <div  class=\"tb_text_wrap\">\n        <p>V\u00eddeos<\/p>    <\/div>\n<\/div>\n<!-- \/module text -->        <\/div>\n                        <\/div>\n        <\/div>\n                        <div  data-lazy=\"1\" class=\"module_row themify_builder_row tb_maua311 tf_w\">\n                        <div class=\"row_inner col_align_top tb_col_count_1 tf_box tf_rel\">\n                        <div  data-lazy=\"1\" class=\"module_column tb-column col-full tb_l920312 first\">\n                    <!-- module text -->\n<div  class=\"module module-text tb_di1194   \" data-lazy=\"1\">\n        <div  class=\"tb_text_wrap\">\n        <h2>Ver para creer<\/h2><p>Tenemos v\u00eddeos que cubren las caracter\u00edsticas del producto, la asistencia y el mantenimiento, incluso las ferias comerciales. Echa un vistazo a continuaci\u00f3n.<\/p>    <\/div>\n<\/div>\n<!-- \/module text --><!-- module accordion -->\n<div  class=\"module module-accordion tb_zman38 \" data-behavior=\"toggle\" data-lazy=\"1\">\n    \n    <ul class=\"ui module-accordion   transparent\">\n            <li>\n            <div class=\"accordion-title tf_rel\">\n                <a href=\"#acc-zman38-0\" class=\"tb_title_accordion\" aria-controls=\"acc-zman38-0-content\" aria-expanded=\"false\">\n                    <i class=\"accordion-icon\"><svg  class=\"tf_fa tf-ti-arrow-circle-right\" xmlns:xlink=\"http:\/\/www.w3.org\/1999\/xlink\" aria-hidden=\"true\"><use href=\"#tf-ti-arrow-circle-right\" xlink:href=\"#tf-ti-arrow-circle-right\"><\/use><\/svg><\/i>                    <i class=\"accordion-active-icon tf_hide\"><svg  class=\"tf_fa tf-ti-arrow-circle-down\" xmlns:xlink=\"http:\/\/www.w3.org\/1999\/xlink\" aria-hidden=\"true\"><use href=\"#tf-ti-arrow-circle-down\" xlink:href=\"#tf-ti-arrow-circle-down\"><\/use><\/svg><\/i>                    <span class=\"accordion-title-wrap\">Feria virtual NPE<\/span>                <\/a>\n            <\/div><!-- .accordion-title -->\n            <div id=\"acc-zman38-0-content\" data-id=\"acc-zman38-0\" aria-hidden=\"true\" class=\"accordion-content tf_hide tf_clearfix\">\n                                    <div class=\"tb_text_wrap\">\n                        <p>[tubepress mode=&#8221;playlist&#8221; playlistValue=&#8221;PLCP-sPkGe22qKW8MUCak9FHa8KOOuwOWj&#8221; showInfo=&#8221;false&#8221; thumbWidth=&#8221;320&#8243; thumbHeight=&#8221;600&#8243; playerLocation=&#8221;jqmodal&#8221; autoHide=&#8221;fadeBoth&#8221; showRelated=&#8221;false&#8221; resultsperpage=&#8221;9&#8243;\u00a0 hqthumbs=&#8221;true&#8221; title=&#8221;true&#8221; orderBy=&#8221;newest&#8221;]<\/p>                    <\/div>\n                            <\/div><!-- .accordion-content -->\n        <\/li>\n            <li>\n            <div class=\"accordion-title tf_rel\">\n                <a href=\"#acc-zman38-1\" class=\"tb_title_accordion\" aria-controls=\"acc-zman38-1-content\" aria-expanded=\"false\">\n                    <i class=\"accordion-icon\"><svg  class=\"tf_fa tf-ti-arrow-circle-right\" xmlns:xlink=\"http:\/\/www.w3.org\/1999\/xlink\" aria-hidden=\"true\"><use href=\"#tf-ti-arrow-circle-right\" xlink:href=\"#tf-ti-arrow-circle-right\"><\/use><\/svg><\/i>                    <i class=\"accordion-active-icon tf_hide\"><svg  class=\"tf_fa tf-ti-arrow-circle-down\" xmlns:xlink=\"http:\/\/www.w3.org\/1999\/xlink\" aria-hidden=\"true\"><use href=\"#tf-ti-arrow-circle-down\" xlink:href=\"#tf-ti-arrow-circle-down\"><\/use><\/svg><\/i>                    <span class=\"accordion-title-wrap\">Secado<\/span>                <\/a>\n            <\/div><!-- .accordion-title -->\n            <div id=\"acc-zman38-1-content\" data-id=\"acc-zman38-1\" aria-hidden=\"true\" class=\"accordion-content tf_hide tf_clearfix\">\n                                    <div class=\"tb_text_wrap\">\n                        <p>[tubepress mode=&#8221;playlist&#8221; playlistValue=&#8221;PLCP-sPkGe22oSMeFjitl99DHCMafpZFQk&#8221; showInfo=&#8221;false&#8221; playerLocation=&#8221;jqmodal&#8221; autoHide=&#8221;fadeBoth&#8221; showRelated=&#8221;false&#8221; thumbWidth=&#8221;320&#8243; thumbHeight=&#8221;600&#8243; resultsperpage=&#8221;9&#8243;\u00a0 hqthumbs=&#8221;true&#8221; title=&#8221;true&#8221; orderBy&#8221;Latest&#8221;]<\/p>                    <\/div>\n                            <\/div><!-- .accordion-content -->\n        <\/li>\n            <li>\n            <div class=\"accordion-title tf_rel\">\n                <a href=\"#acc-zman38-2\" class=\"tb_title_accordion\" aria-controls=\"acc-zman38-2-content\" aria-expanded=\"false\">\n                    <i class=\"accordion-icon\"><svg  class=\"tf_fa tf-ti-arrow-circle-right\" xmlns:xlink=\"http:\/\/www.w3.org\/1999\/xlink\" aria-hidden=\"true\"><use href=\"#tf-ti-arrow-circle-right\" xlink:href=\"#tf-ti-arrow-circle-right\"><\/use><\/svg><\/i>                    <i class=\"accordion-active-icon tf_hide\"><svg  class=\"tf_fa tf-ti-arrow-circle-down\" xmlns:xlink=\"http:\/\/www.w3.org\/1999\/xlink\" aria-hidden=\"true\"><use href=\"#tf-ti-arrow-circle-down\" xlink:href=\"#tf-ti-arrow-circle-down\"><\/use><\/svg><\/i>                    <span class=\"accordion-title-wrap\">Transporte<\/span>                <\/a>\n            <\/div><!-- .accordion-title -->\n            <div id=\"acc-zman38-2-content\" data-id=\"acc-zman38-2\" aria-hidden=\"true\" class=\"accordion-content tf_hide tf_clearfix\">\n                                    <div class=\"tb_text_wrap\">\n                        <p>[tubepress mode=&#8221;playlist&#8221; playlistValue=&#8221;PL7E7BC6E001F911CB&#8221; showInfo=&#8221;false&#8221; playerLocation=&#8221;jqmodal&#8221; autoHide=&#8221;fadeBoth&#8221; showRelated=&#8221;false&#8221; thumbWidth=&#8221;320&#8243; thumbHeight=&#8221;600&#8243; resultsperpage=&#8221;9&#8243;\u00a0 hqthumbs=&#8221;true&#8221; title=&#8221;true&#8221; orderBy=&#8221;newest&#8221;]<\/p>                    <\/div>\n                            <\/div><!-- .accordion-content -->\n        <\/li>\n            <li>\n            <div class=\"accordion-title tf_rel\">\n                <a href=\"#acc-zman38-3\" class=\"tb_title_accordion\" aria-controls=\"acc-zman38-3-content\" aria-expanded=\"false\">\n                    <i class=\"accordion-icon\"><svg  class=\"tf_fa tf-ti-arrow-circle-right\" xmlns:xlink=\"http:\/\/www.w3.org\/1999\/xlink\" aria-hidden=\"true\"><use href=\"#tf-ti-arrow-circle-right\" xlink:href=\"#tf-ti-arrow-circle-right\"><\/use><\/svg><\/i>                    <i class=\"accordion-active-icon tf_hide\"><svg  class=\"tf_fa tf-ti-arrow-circle-down\" xmlns:xlink=\"http:\/\/www.w3.org\/1999\/xlink\" aria-hidden=\"true\"><use href=\"#tf-ti-arrow-circle-down\" xlink:href=\"#tf-ti-arrow-circle-down\"><\/use><\/svg><\/i>                    <span class=\"accordion-title-wrap\">Extrusi\u00f3n<\/span>                <\/a>\n            <\/div><!-- .accordion-title -->\n            <div id=\"acc-zman38-3-content\" data-id=\"acc-zman38-3\" aria-hidden=\"true\" class=\"accordion-content tf_hide tf_clearfix\">\n                                    <div class=\"tb_text_wrap\">\n                        <p>[tubepress mode=&#8221;playlist&#8221; playlistValue=&#8221;PLCP-sPkGe22r35shYuqIkOHMdAO_o3fj0&#8243; showInfo=&#8221;false&#8221; playerLocation=&#8221;jqmodal&#8221; autoHide=&#8221;fadeBoth&#8221; showRelated=&#8221;false&#8221; thumbWidth=&#8221;320&#8243; thumbHeight=&#8221;600&#8243; resultsperpage=&#8221;9&#8243;\u00a0 hqthumbs=&#8221;true&#8221; title=&#8221;true&#8221; orderBy=&#8221;newest&#8221;]<\/p>                    <\/div>\n                            <\/div><!-- .accordion-content -->\n        <\/li>\n            <li>\n            <div class=\"accordion-title tf_rel\">\n                <a href=\"#acc-zman38-4\" class=\"tb_title_accordion\" aria-controls=\"acc-zman38-4-content\" aria-expanded=\"false\">\n                    <i class=\"accordion-icon\"><svg  class=\"tf_fa tf-ti-arrow-circle-right\" xmlns:xlink=\"http:\/\/www.w3.org\/1999\/xlink\" aria-hidden=\"true\"><use href=\"#tf-ti-arrow-circle-right\" xlink:href=\"#tf-ti-arrow-circle-right\"><\/use><\/svg><\/i>                    <i class=\"accordion-active-icon tf_hide\"><svg  class=\"tf_fa tf-ti-arrow-circle-down\" xmlns:xlink=\"http:\/\/www.w3.org\/1999\/xlink\" aria-hidden=\"true\"><use href=\"#tf-ti-arrow-circle-down\" xlink:href=\"#tf-ti-arrow-circle-down\"><\/use><\/svg><\/i>                    <span class=\"accordion-title-wrap\">Controla<\/span>                <\/a>\n            <\/div><!-- .accordion-title -->\n            <div id=\"acc-zman38-4-content\" data-id=\"acc-zman38-4\" aria-hidden=\"true\" class=\"accordion-content tf_hide tf_clearfix\">\n                                    <div class=\"tb_text_wrap\">\n                        <p>[tubepress mode=&#8221;playlist&#8221; playlistValue=&#8221;PL01C388A6AA166465&#8243; showInfo=&#8221;false&#8221; playerLocation=&#8221;jqmodal&#8221; autoHide=&#8221;fadeBoth&#8221; showRelated=&#8221;false&#8221; thumbWidth=&#8221;320&#8243; thumbHeight=&#8221;600&#8243; resultsperpage=&#8221;9&#8243;\u00a0 hqthumbs=&#8221;true&#8221; title=&#8221;true&#8221; orderBy=&#8221;newest&#8221;]<\/p>                    <\/div>\n                            <\/div><!-- .accordion-content -->\n        <\/li>\n            <li>\n            <div class=\"accordion-title tf_rel\">\n                <a href=\"#acc-zman38-5\" class=\"tb_title_accordion\" aria-controls=\"acc-zman38-5-content\" aria-expanded=\"false\">\n                    <i class=\"accordion-icon\"><svg  class=\"tf_fa tf-ti-arrow-circle-right\" xmlns:xlink=\"http:\/\/www.w3.org\/1999\/xlink\" aria-hidden=\"true\"><use href=\"#tf-ti-arrow-circle-right\" xlink:href=\"#tf-ti-arrow-circle-right\"><\/use><\/svg><\/i>                    <i class=\"accordion-active-icon tf_hide\"><svg  class=\"tf_fa tf-ti-arrow-circle-down\" xmlns:xlink=\"http:\/\/www.w3.org\/1999\/xlink\" aria-hidden=\"true\"><use href=\"#tf-ti-arrow-circle-down\" xlink:href=\"#tf-ti-arrow-circle-down\"><\/use><\/svg><\/i>                    <span class=\"accordion-title-wrap\">MoistureMaster<\/span>                <\/a>\n            <\/div><!-- .accordion-title -->\n            <div id=\"acc-zman38-5-content\" data-id=\"acc-zman38-5\" aria-hidden=\"true\" class=\"accordion-content tf_hide tf_clearfix\">\n                                    <div class=\"tb_text_wrap\">\n                        <p>[tubepress mode=&#8221;playlist&#8221; playlistValue=&#8221;PLA696303E53360BCA&#8221; showInfo=&#8221;false&#8221; playerLocation=&#8221;jqmodal&#8221; autoHide=&#8221;fadeBoth&#8221; showRelated=&#8221;false&#8221; thumbWidth=&#8221;320&#8243; thumbHeight=&#8221;600&#8243; resultsperpage=&#8221;9&#8243;\u00a0 hqthumbs=&#8221;true&#8221; title=&#8221;true&#8221; orderBy=&#8221;newest&#8221;]<\/p>                    <\/div>\n                            <\/div><!-- .accordion-content -->\n        <\/li>\n            <li>\n            <div class=\"accordion-title tf_rel\">\n                <a href=\"#acc-zman38-6\" class=\"tb_title_accordion\" aria-controls=\"acc-zman38-6-content\" aria-expanded=\"false\">\n                    <i class=\"accordion-icon\"><svg  class=\"tf_fa tf-ti-arrow-circle-right\" xmlns:xlink=\"http:\/\/www.w3.org\/1999\/xlink\" aria-hidden=\"true\"><use href=\"#tf-ti-arrow-circle-right\" xlink:href=\"#tf-ti-arrow-circle-right\"><\/use><\/svg><\/i>                    <i class=\"accordion-active-icon tf_hide\"><svg  class=\"tf_fa tf-ti-arrow-circle-down\" xmlns:xlink=\"http:\/\/www.w3.org\/1999\/xlink\" aria-hidden=\"true\"><use href=\"#tf-ti-arrow-circle-down\" xlink:href=\"#tf-ti-arrow-circle-down\"><\/use><\/svg><\/i>                    <span class=\"accordion-title-wrap\">Ayuda<\/span>                <\/a>\n            <\/div><!-- .accordion-title -->\n            <div id=\"acc-zman38-6-content\" data-id=\"acc-zman38-6\" aria-hidden=\"true\" class=\"accordion-content tf_hide tf_clearfix\">\n                            <\/div><!-- .accordion-content -->\n        <\/li>\n        <\/ul>\n\n<\/div><!-- \/module accordion -->        <\/div>\n                        <\/div>\n        <\/div>\n        <\/div>\n<!--\/themify_builder_content--><p><\/p>","protected":false},"excerpt":{"rendered":"<p>V\u00eddeos Ver para creer Tenemos v\u00eddeos que cubren las caracter\u00edsticas del producto, la asistencia y el mantenimiento, incluso las ferias comerciales. Echa un vistazo a continuaci\u00f3n. Feria virtual NPE [tubepress mode=&#8221;playlist&#8221; playlistvalue=&#8221;PLCP-sPkGe22qKW8MUCak9FHa8KOOuwOWj&#8221; showinfo=&#8221;false&#8221; thumbwidth=&#8221;320&#8243; thumbheight=&#8221;600&#8243; playerlocation=&#8221;jqmodal&#8221; autohide=&#8221;fadeBoth&#8221; showrelated=&#8221;false&#8221; resultsperpage=&#8221;9&#8243; hqthumbs=&#8221;true&#8221; title=&#8221;verdadero&#8221; orderby=&#8221;newest&#8221;] Secado [tubepress mode=&#8221;playlist&#8221; playlistvalue=&#8221;PLCP-sPkGe22oSMeFjitl99DHCMafpZFQk&#8221; showinfo=&#8221;false&#8221; playerlocation=&#8221;jqmodal&#8221; autohide=&#8221;fadeBoth&#8221; showrelated=&#8221;false&#8221; thumbwidth=&#8221;320&#8243; thumbheight=&#8221;600&#8243; resultsperpage=&#8221;9&#8243; hqthumbs=&#8221;true&#8221; title=&#8221;verdadero&#8221; [&hellip;]<\/p>\n","protected":false},"author":1,"featured_media":0,"parent":0,"menu_order":0,"comment_status":"closed","ping_status":"closed","template":"","meta":{"footnotes":""},"class_list":["post-14111","page","type-page","status-publish","hentry","has-post-title","has-post-date","has-post-category","has-post-tag","has-post-comment","has-post-author",""],"yoast_head":"<!-- This site is optimized with the Yoast SEO Premium plugin v27.1 (Yoast SEO v27.1.1) - https:\/\/yoast.com\/product\/yoast-seo-premium-wordpress\/ -->\n<title>V\u00eddeos - Novatec, Inc.<\/title>\n<meta name=\"robots\" content=\"index, follow, max-snippet:-1, max-image-preview:large, max-video-preview:-1\" \/>\n<link rel=\"canonical\" href=\"https:\/\/www.novatec.com\/es\/videos\/\" \/>\n<meta property=\"og:locale\" content=\"es_ES\" \/>\n<meta property=\"og:type\" content=\"article\" \/>\n<meta property=\"og:title\" content=\"V\u00eddeos\" \/>\n<meta property=\"og:description\" content=\"V\u00eddeos Ver para creer Tenemos v\u00eddeos que cubren las caracter\u00edsticas del producto, la asistencia y el mantenimiento, incluso las ferias comerciales. Echa un vistazo a continuaci\u00f3n. Feria virtual NPE [tubepress mode=&#8221;playlist&#8221; playlistvalue=&#8221;PLCP-sPkGe22qKW8MUCak9FHa8KOOuwOWj&#8221; showinfo=&#8221;false&#8221; thumbwidth=&#8221;320&#8243; thumbheight=&#8221;600&#8243; playerlocation=&#8221;jqmodal&#8221; autohide=&#8221;fadeBoth&#8221; showrelated=&#8221;false&#8221; resultsperpage=&#8221;9&#8243; hqthumbs=&#8221;true&#8221; title=&#8221;verdadero&#8221; orderby=&#8221;newest&#8221;] Secado [tubepress mode=&#8221;playlist&#8221; playlistvalue=&#8221;PLCP-sPkGe22oSMeFjitl99DHCMafpZFQk&#8221; showinfo=&#8221;false&#8221; playerlocation=&#8221;jqmodal&#8221; autohide=&#8221;fadeBoth&#8221; showrelated=&#8221;false&#8221; thumbwidth=&#8221;320&#8243; thumbheight=&#8221;600&#8243; resultsperpage=&#8221;9&#8243; hqthumbs=&#8221;true&#8221; title=&#8221;verdadero&#8221; [&hellip;]\" \/>\n<meta property=\"og:url\" content=\"https:\/\/www.novatec.com\/es\/videos\/\" \/>\n<meta property=\"og:site_name\" content=\"Novatec, Inc.\" \/>\n<meta property=\"article:modified_time\" content=\"2024-07-12T20:22:58+00:00\" \/>\n<meta name=\"twitter:card\" content=\"summary_large_image\" \/>\n<meta name=\"twitter:label1\" content=\"Tiempo de lectura\" \/>\n\t<meta name=\"twitter:data1\" content=\"1 minuto\" \/>\n<script type=\"application\/ld+json\" class=\"yoast-schema-graph\">{\"@context\":\"https:\/\/schema.org\",\"@graph\":[{\"@type\":\"WebPage\",\"@id\":\"https:\/\/www.novatec.com\/es\/videos\/\",\"url\":\"https:\/\/www.novatec.com\/es\/videos\/\",\"name\":\"V\u00eddeos - Novatec, Inc.\",\"isPartOf\":{\"@id\":\"https:\/\/www.novatec.com\/es\/#website\"},\"datePublished\":\"2020-09-24T17:17:48+00:00\",\"dateModified\":\"2024-07-12T20:22:58+00:00\",\"breadcrumb\":{\"@id\":\"https:\/\/www.novatec.com\/es\/videos\/#breadcrumb\"},\"inLanguage\":\"es\",\"potentialAction\":[{\"@type\":\"ReadAction\",\"target\":[\"https:\/\/www.novatec.com\/es\/videos\/\"]}]},{\"@type\":\"BreadcrumbList\",\"@id\":\"https:\/\/www.novatec.com\/es\/videos\/#breadcrumb\",\"itemListElement\":[{\"@type\":\"ListItem\",\"position\":1,\"name\":\"Home\",\"item\":\"https:\/\/www.novatec.com\/es\/\"},{\"@type\":\"ListItem\",\"position\":2,\"name\":\"V\u00eddeos\"}]},{\"@type\":\"WebSite\",\"@id\":\"https:\/\/www.novatec.com\/es\/#website\",\"url\":\"https:\/\/www.novatec.com\/es\/\",\"name\":\"Novatec, Inc.\",\"description\":\"\",\"publisher\":{\"@id\":\"https:\/\/www.novatec.com\/es\/#organization\"},\"potentialAction\":[{\"@type\":\"SearchAction\",\"target\":{\"@type\":\"EntryPoint\",\"urlTemplate\":\"https:\/\/www.novatec.com\/es\/?s={search_term_string}\"},\"query-input\":{\"@type\":\"PropertyValueSpecification\",\"valueRequired\":true,\"valueName\":\"search_term_string\"}}],\"inLanguage\":\"es\"},{\"@type\":\"Organization\",\"@id\":\"https:\/\/www.novatec.com\/es\/#organization\",\"name\":\"Novatec, Inc.\",\"url\":\"https:\/\/www.novatec.com\/es\/\",\"logo\":{\"@type\":\"ImageObject\",\"inLanguage\":\"es\",\"@id\":\"https:\/\/www.novatec.com\/es\/#\/schema\/logo\/image\/\",\"url\":\"https:\/\/www.novatec.com\/wp-content\/uploads\/2020\/07\/logo.png\",\"contentUrl\":\"https:\/\/www.novatec.com\/wp-content\/uploads\/2020\/07\/logo.png\",\"width\":771,\"height\":146,\"caption\":\"Novatec, Inc.\"},\"image\":{\"@id\":\"https:\/\/www.novatec.com\/es\/#\/schema\/logo\/image\/\"},\"sameAs\":[\"https:\/\/www.linkedin.com\/company\/novatec\",\"https:\/\/youtube.com\/user\/novatecinc\"]}]}<\/script>\n<!-- \/ Yoast SEO Premium plugin. -->","yoast_head_json":{"title":"V\u00eddeos - Novatec, Inc.","robots":{"index":"index","follow":"follow","max-snippet":"max-snippet:-1","max-image-preview":"max-image-preview:large","max-video-preview":"max-video-preview:-1"},"canonical":"https:\/\/www.novatec.com\/es\/videos\/","og_locale":"es_ES","og_type":"article","og_title":"V\u00eddeos","og_description":"V\u00eddeos Ver para creer Tenemos v\u00eddeos que cubren las caracter\u00edsticas del producto, la asistencia y el mantenimiento, incluso las ferias comerciales. Echa un vistazo a continuaci\u00f3n. Feria virtual NPE [tubepress mode=&#8221;playlist&#8221; playlistvalue=&#8221;PLCP-sPkGe22qKW8MUCak9FHa8KOOuwOWj&#8221; showinfo=&#8221;false&#8221; thumbwidth=&#8221;320&#8243; thumbheight=&#8221;600&#8243; playerlocation=&#8221;jqmodal&#8221; autohide=&#8221;fadeBoth&#8221; showrelated=&#8221;false&#8221; resultsperpage=&#8221;9&#8243; hqthumbs=&#8221;true&#8221; title=&#8221;verdadero&#8221; orderby=&#8221;newest&#8221;] Secado [tubepress mode=&#8221;playlist&#8221; playlistvalue=&#8221;PLCP-sPkGe22oSMeFjitl99DHCMafpZFQk&#8221; showinfo=&#8221;false&#8221; playerlocation=&#8221;jqmodal&#8221; autohide=&#8221;fadeBoth&#8221; showrelated=&#8221;false&#8221; thumbwidth=&#8221;320&#8243; thumbheight=&#8221;600&#8243; resultsperpage=&#8221;9&#8243; hqthumbs=&#8221;true&#8221; title=&#8221;verdadero&#8221; [&hellip;]","og_url":"https:\/\/www.novatec.com\/es\/videos\/","og_site_name":"Novatec, Inc.","article_modified_time":"2024-07-12T20:22:58+00:00","twitter_card":"summary_large_image","twitter_misc":{"Tiempo de lectura":"1 minuto"},"schema":{"@context":"https:\/\/schema.org","@graph":[{"@type":"WebPage","@id":"https:\/\/www.novatec.com\/es\/videos\/","url":"https:\/\/www.novatec.com\/es\/videos\/","name":"V\u00eddeos - Novatec, Inc.","isPartOf":{"@id":"https:\/\/www.novatec.com\/es\/#website"},"datePublished":"2020-09-24T17:17:48+00:00","dateModified":"2024-07-12T20:22:58+00:00","breadcrumb":{"@id":"https:\/\/www.novatec.com\/es\/videos\/#breadcrumb"},"inLanguage":"es","potentialAction":[{"@type":"ReadAction","target":["https:\/\/www.novatec.com\/es\/videos\/"]}]},{"@type":"BreadcrumbList","@id":"https:\/\/www.novatec.com\/es\/videos\/#breadcrumb","itemListElement":[{"@type":"ListItem","position":1,"name":"Home","item":"https:\/\/www.novatec.com\/es\/"},{"@type":"ListItem","position":2,"name":"V\u00eddeos"}]},{"@type":"WebSite","@id":"https:\/\/www.novatec.com\/es\/#website","url":"https:\/\/www.novatec.com\/es\/","name":"Novatec, Inc.","description":"","publisher":{"@id":"https:\/\/www.novatec.com\/es\/#organization"},"potentialAction":[{"@type":"SearchAction","target":{"@type":"EntryPoint","urlTemplate":"https:\/\/www.novatec.com\/es\/?s={search_term_string}"},"query-input":{"@type":"PropertyValueSpecification","valueRequired":true,"valueName":"search_term_string"}}],"inLanguage":"es"},{"@type":"Organization","@id":"https:\/\/www.novatec.com\/es\/#organization","name":"Novatec, Inc.","url":"https:\/\/www.novatec.com\/es\/","logo":{"@type":"ImageObject","inLanguage":"es","@id":"https:\/\/www.novatec.com\/es\/#\/schema\/logo\/image\/","url":"https:\/\/www.novatec.com\/wp-content\/uploads\/2020\/07\/logo.png","contentUrl":"https:\/\/www.novatec.com\/wp-content\/uploads\/2020\/07\/logo.png","width":771,"height":146,"caption":"Novatec, Inc."},"image":{"@id":"https:\/\/www.novatec.com\/es\/#\/schema\/logo\/image\/"},"sameAs":["https:\/\/www.linkedin.com\/company\/novatec","https:\/\/youtube.com\/user\/novatecinc"]}]}},"builder_content":"<p>V\u00eddeos<\/p>\n<h2>Ver para creer<\/h2><p>Tenemos v\u00eddeos que cubren las caracter\u00edsticas del producto, la asistencia y el mantenimiento, incluso las ferias comerciales. Echa un vistazo a continuaci\u00f3n.<\/p>\n<ul><li><h4>Feria virtual NPE<\/h4><p>[tubepress mode=\"playlist\" playlistValue=\"PLCP-sPkGe22qKW8MUCak9FHa8KOOuwOWj\" showInfo=\"false\" thumbWidth=\"320\" thumbHeight=\"600\" playerLocation=\"jqmodal\" autoHide=\"fadeBoth\" showRelated=\"false\" resultsperpage=\"9\"\u00a0 hqthumbs=\"true\" title=\"true\" orderBy=\"newest\"]<\/p><\/li><li><h4>Secado<\/h4><p>[tubepress mode=\"playlist\" playlistValue=\"PLCP-sPkGe22oSMeFjitl99DHCMafpZFQk\" showInfo=\"false\" playerLocation=\"jqmodal\" autoHide=\"fadeBoth\" showRelated=\"false\" thumbWidth=\"320\" thumbHeight=\"600\" resultsperpage=\"9\"\u00a0 hqthumbs=\"true\" title=\"true\" orderBy\"Latest\"]<\/p><\/li><li><h4>Transporte<\/h4><p>[tubepress mode=\"playlist\" playlistValue=\"PL7E7BC6E001F911CB\" showInfo=\"false\" playerLocation=\"jqmodal\" autoHide=\"fadeBoth\" showRelated=\"false\" thumbWidth=\"320\" thumbHeight=\"600\" resultsperpage=\"9\"\u00a0 hqthumbs=\"true\" title=\"true\" orderBy=\"newest\"]<\/p><\/li><li><h4>Extrusi\u00f3n<\/h4><p>[tubepress mode=\"playlist\" playlistValue=\"PLCP-sPkGe22r35shYuqIkOHMdAO_o3fj0\" showInfo=\"false\" playerLocation=\"jqmodal\" autoHide=\"fadeBoth\" showRelated=\"false\" thumbWidth=\"320\" thumbHeight=\"600\" resultsperpage=\"9\"\u00a0 hqthumbs=\"true\" title=\"true\" orderBy=\"newest\"]<\/p><\/li><li><h4>Controla<\/h4><p>[tubepress mode=\"playlist\" playlistValue=\"PL01C388A6AA166465\" showInfo=\"false\" playerLocation=\"jqmodal\" autoHide=\"fadeBoth\" showRelated=\"false\" thumbWidth=\"320\" thumbHeight=\"600\" resultsperpage=\"9\"\u00a0 hqthumbs=\"true\" title=\"true\" orderBy=\"newest\"]<\/p><\/li><li><h4>MoistureMaster<\/h4><p>[tubepress mode=\"playlist\" playlistValue=\"PLA696303E53360BCA\" showInfo=\"false\" playerLocation=\"jqmodal\" autoHide=\"fadeBoth\" showRelated=\"false\" thumbWidth=\"320\" thumbHeight=\"600\" resultsperpage=\"9\"\u00a0 hqthumbs=\"true\" title=\"true\" orderBy=\"newest\"]<\/p><\/li><li><h4>Ayuda<\/h4><\/li><\/ul>","_links":{"self":[{"href":"https:\/\/www.novatec.com\/es\/wp-json\/wp\/v2\/pages\/14111","targetHints":{"allow":["GET"]}}],"collection":[{"href":"https:\/\/www.novatec.com\/es\/wp-json\/wp\/v2\/pages"}],"about":[{"href":"https:\/\/www.novatec.com\/es\/wp-json\/wp\/v2\/types\/page"}],"author":[{"embeddable":true,"href":"https:\/\/www.novatec.com\/es\/wp-json\/wp\/v2\/users\/1"}],"replies":[{"embeddable":true,"href":"https:\/\/www.novatec.com\/es\/wp-json\/wp\/v2\/comments?post=14111"}],"version-history":[{"count":3,"href":"https:\/\/www.novatec.com\/es\/wp-json\/wp\/v2\/pages\/14111\/revisions"}],"predecessor-version":[{"id":14120,"href":"https:\/\/www.novatec.com\/es\/wp-json\/wp\/v2\/pages\/14111\/revisions\/14120"}],"wp:attachment":[{"href":"https:\/\/www.novatec.com\/es\/wp-json\/wp\/v2\/media?parent=14111"}],"curies":[{"name":"wp","href":"https:\/\/api.w.org\/{rel}","templated":true}]}}