{"id":14322,"date":"2020-08-05T14:17:21","date_gmt":"2020-08-05T14:17:21","guid":{"rendered":"https:\/\/www.novatec.com\/acerca-de\/"},"modified":"2024-07-12T20:23:09","modified_gmt":"2024-07-12T20:23:09","slug":"acerca-de","status":"publish","type":"page","link":"https:\/\/www.novatec.com\/es\/acerca-de\/","title":{"rendered":"Acerca de"},"content":{"rendered":"<!--themify_builder_content-->\n<div id=\"themify_builder_content-14322\" data-postid=\"14322\" class=\"themify_builder_content themify_builder_content-14322 themify_builder tf_clear\">\n                    <div  data-lazy=\"1\" class=\"module_row themify_builder_row tb_efa2704 tb_first tf_w\">\n            <span  class=\"builder_row_cover tf_abs\" data-lazy=\"1\"><\/span>            <div class=\"row_inner col_align_top tb_col_count_1 tf_box tf_rel\">\n                        <div  data-lazy=\"1\" class=\"module_column tb-column col-full tb_935b754 first\">\n                    <!-- module fancy heading -->\n<div  class=\"module module-fancy-heading tb_tmmx363  tb_hide_divider\" data-lazy=\"1\">\n        <h1 class=\"fancy-heading\">\n    <span class=\"main-head tf_block\">\n                    Acerca de            <\/span>\n\n    \n    <span class=\"sub-head tf_block tf_rel\">\n                                <\/span>\n    <\/h1>\n<\/div>\n<!-- \/module fancy heading -->\n        <\/div>\n                        <\/div>\n        <\/div>\n                        <div  data-lazy=\"1\" class=\"module_row themify_builder_row tb_77ne268 tf_w\">\n                        <div class=\"row_inner col_align_top tb_col_count_1 tf_box tf_rel\">\n                        <div  data-lazy=\"1\" class=\"module_column tb-column col-full tb_x5c6270 first\">\n                    <!-- module text -->\n<div  class=\"module module-text tb_kfvj708   \" data-lazy=\"1\">\n        <div  class=\"tb_text_wrap\">\n        <h2>\u00a1El fabricante de secadores de resina m\u00e1s extenso de EE.UU.!<\/h2>    <\/div>\n<\/div>\n<!-- \/module text -->        <\/div>\n                        <\/div>\n        <\/div>\n                        <div  data-lazy=\"1\" class=\"module_row themify_builder_row tb_6g6g746 tf_w\">\n                        <div class=\"row_inner col_align_top tb_col_count_2 tf_box tf_rel\">\n                        <div  data-lazy=\"1\" class=\"module_column tb-column col2-1 tb_n9qz750 first\">\n                    <!-- module text -->\n<div  class=\"module module-text tb_l05u727    wow\" data-tf-animation=\"slideInLeft\" data-lazy=\"1\">\n        <div  class=\"tb_text_wrap\">\n        <p>NOVATEC, Inc. es el mayor fabricante estadounidense de secadores de resina para la industria del pl\u00e1stico. Nuestra asociaci\u00f3n con MAGUIRE Products ampl\u00eda nuestro grupo empresarial para ofrecer la mayor l\u00ednea de equipos auxiliares para pl\u00e1sticos fabricados en Norteam\u00e9rica. Combinamos el secado de pl\u00e1sticos, el transporte de pl\u00e1sticos y la mezcla de pl\u00e1sticos con productos de extrusi\u00f3n posteriores para dise\u00f1ar e instalar sistemas centrales completos de secado y transporte de pl\u00e1sticos.<\/p>\n<p>Recibimos visitantes regularmente en nuestro Centro de Tecnolog\u00eda de Secado de \u00faltima generaci\u00f3n, donde probamos el rendimiento de los secadores de pl\u00e1sticos frente a cualquier otro tipo de secador, utilizando muestras de resina espec\u00edficas del cliente. Con una l\u00ednea de analizadores de humedad fuera de l\u00ednea recientemente ampliada, podemos ofrecer comparaciones de sistemas de secado fuera de l\u00ednea para determinar las mejores opciones de an\u00e1lisis de secado de resinas. S\u00f3lo comparando la capacidad de secado de pl\u00e1sticos y la eficiencia energ\u00e9tica se puede tomar una decisi\u00f3n informada sobre qu\u00e9 secador de pl\u00e1sticos es el mejor para tu aplicaci\u00f3n. Se recomienda tu presencia durante las pruebas para que puedas ver los resultados de primera mano.<\/p>    <\/div>\n<\/div>\n<!-- \/module text -->        <\/div>\n                    <div  data-lazy=\"1\" class=\"module_column tb-column col2-1 tb_ig7c755 last\">\n                    <!-- module text -->\n<div  class=\"module module-text tb_8t0r906    wow\" data-tf-animation=\"slideInRight\" data-lazy=\"1\">\n        <div  class=\"tb_text_wrap\">\n        <p>Para complementar nuestros secadores de pl\u00e1sticos energ\u00e9ticamente eficientes, ofrecemos una l\u00ednea completa de accesorios de transporte neum\u00e1tico de pl\u00e1sticos, una familia completa de controles de sistemas de transporte y una l\u00ednea de equipos de extrusi\u00f3n aguas abajo. La l\u00ednea NOVATEC de maquinaria auxiliar para pl\u00e1sticos est\u00e1 dise\u00f1ada para satisfacer las numerosas necesidades cambiantes y desafiantes de los transformadores de pl\u00e1sticos, ya sean grandes o peque\u00f1os.<\/p><p>El \u00e9nfasis del dise\u00f1o en la innovaci\u00f3n de productos proporciona productos nuevos y actualizados que ahorran energ\u00eda, espacio y reducen el mantenimiento, al tiempo que ofrecen siempre un rendimiento superior a precios competitivos. Cada vez m\u00e1s transformadores se pasan a NOVATEC y nuestro aumento de la cuota de mercado es una prueba de ello.<\/p><p>Nuestros clientes siguen siendo nuestra principal prioridad, con el compromiso de ofrecer a los transformadores de pl\u00e1sticos el m\u00e1ximo nivel de calidad a trav\u00e9s de nuestros productos, servicios y atenci\u00f3n personal.<\/p>    <\/div>\n<\/div>\n<!-- \/module text -->        <\/div>\n                        <\/div>\n        <\/div>\n                        <div  data-lazy=\"1\" class=\"module_row themify_builder_row tb_05f3811 tf_w\">\n                        <div class=\"row_inner col_align_top tb_col_count_1 tf_box tf_rel\">\n                        <div  data-lazy=\"1\" class=\"module_column tb-column col-full tb_f9g6811 first\">\n                    <!-- module text -->\n<div  class=\"module module-text tb_unc9811    wow\" data-tf-animation=\"zoomIn\" data-lazy=\"1\">\n        <div  class=\"tb_text_wrap\">\n        <h2>\u00a1Ven a experimentar el nuevo NOVATEC hoy mismo!<\/h2>    <\/div>\n<\/div>\n<!-- \/module text -->        <\/div>\n                        <\/div>\n        <\/div>\n        <\/div>\n<!--\/themify_builder_content--><p><\/p>","protected":false},"excerpt":{"rendered":"<p>Acerca de \u00a1El fabricante de secadores de resina m\u00e1s extenso de EE.UU.! NOVATEC, Inc. es el mayor fabricante estadounidense de secadores de resina para la industria del pl\u00e1stico. Nuestra asociaci\u00f3n con MAGUIRE Products ampl\u00eda nuestro grupo empresarial para ofrecer la mayor l\u00ednea de equipos auxiliares para pl\u00e1sticos fabricados en Norteam\u00e9rica. \u0645\u0648\u0639\u062f \u0627\u0646\u0637\u0644\u0627\u0642 \u064a\u0648\u0631\u0648 2022 Combinamos [&hellip;]<\/p>\n","protected":false},"author":1,"featured_media":0,"parent":0,"menu_order":0,"comment_status":"closed","ping_status":"closed","template":"","meta":{"footnotes":""},"class_list":["post-14322","page","type-page","status-publish","hentry","has-post-title","has-post-date","has-post-category","has-post-tag","has-post-comment","has-post-author",""],"yoast_head":"<!-- This site is optimized with the Yoast SEO Premium plugin v27.1 (Yoast SEO v27.1.1) - https:\/\/yoast.com\/product\/yoast-seo-premium-wordpress\/ -->\n<title>Acerca de - Novatec, Inc.<\/title>\n<meta name=\"robots\" content=\"index, follow, max-snippet:-1, max-image-preview:large, max-video-preview:-1\" \/>\n<link rel=\"canonical\" href=\"https:\/\/www.novatec.com\/es\/acerca-de\/\" \/>\n<meta property=\"og:locale\" content=\"es_ES\" \/>\n<meta property=\"og:type\" content=\"article\" \/>\n<meta property=\"og:title\" content=\"Acerca de\" \/>\n<meta property=\"og:description\" content=\"Acerca de \u00a1El fabricante de secadores de resina m\u00e1s extenso de EE.UU.! NOVATEC, Inc. es el mayor fabricante estadounidense de secadores de resina para la industria del pl\u00e1stico. Nuestra asociaci\u00f3n con MAGUIRE Products ampl\u00eda nuestro grupo empresarial para ofrecer la mayor l\u00ednea de equipos auxiliares para pl\u00e1sticos fabricados en Norteam\u00e9rica. \u0645\u0648\u0639\u062f \u0627\u0646\u0637\u0644\u0627\u0642 \u064a\u0648\u0631\u0648 2022 Combinamos [&hellip;]\" \/>\n<meta property=\"og:url\" content=\"https:\/\/www.novatec.com\/es\/acerca-de\/\" \/>\n<meta property=\"og:site_name\" content=\"Novatec, Inc.\" \/>\n<meta property=\"article:modified_time\" content=\"2024-07-12T20:23:09+00:00\" \/>\n<meta name=\"twitter:card\" content=\"summary_large_image\" \/>\n<meta name=\"twitter:label1\" content=\"Tiempo de lectura\" \/>\n\t<meta name=\"twitter:data1\" content=\"2 minutos\" \/>\n<script type=\"application\/ld+json\" class=\"yoast-schema-graph\">{\"@context\":\"https:\/\/schema.org\",\"@graph\":[{\"@type\":\"WebPage\",\"@id\":\"https:\/\/www.novatec.com\/es\/acerca-de\/\",\"url\":\"https:\/\/www.novatec.com\/es\/acerca-de\/\",\"name\":\"Acerca de - Novatec, Inc.\",\"isPartOf\":{\"@id\":\"https:\/\/www.novatec.com\/es\/#website\"},\"datePublished\":\"2020-08-05T14:17:21+00:00\",\"dateModified\":\"2024-07-12T20:23:09+00:00\",\"breadcrumb\":{\"@id\":\"https:\/\/www.novatec.com\/es\/acerca-de\/#breadcrumb\"},\"inLanguage\":\"es\",\"potentialAction\":[{\"@type\":\"ReadAction\",\"target\":[\"https:\/\/www.novatec.com\/es\/acerca-de\/\"]}]},{\"@type\":\"BreadcrumbList\",\"@id\":\"https:\/\/www.novatec.com\/es\/acerca-de\/#breadcrumb\",\"itemListElement\":[{\"@type\":\"ListItem\",\"position\":1,\"name\":\"Home\",\"item\":\"https:\/\/www.novatec.com\/es\/\"},{\"@type\":\"ListItem\",\"position\":2,\"name\":\"Acerca de\"}]},{\"@type\":\"WebSite\",\"@id\":\"https:\/\/www.novatec.com\/es\/#website\",\"url\":\"https:\/\/www.novatec.com\/es\/\",\"name\":\"Novatec, Inc.\",\"description\":\"\",\"publisher\":{\"@id\":\"https:\/\/www.novatec.com\/es\/#organization\"},\"potentialAction\":[{\"@type\":\"SearchAction\",\"target\":{\"@type\":\"EntryPoint\",\"urlTemplate\":\"https:\/\/www.novatec.com\/es\/?s={search_term_string}\"},\"query-input\":{\"@type\":\"PropertyValueSpecification\",\"valueRequired\":true,\"valueName\":\"search_term_string\"}}],\"inLanguage\":\"es\"},{\"@type\":\"Organization\",\"@id\":\"https:\/\/www.novatec.com\/es\/#organization\",\"name\":\"Novatec, Inc.\",\"url\":\"https:\/\/www.novatec.com\/es\/\",\"logo\":{\"@type\":\"ImageObject\",\"inLanguage\":\"es\",\"@id\":\"https:\/\/www.novatec.com\/es\/#\/schema\/logo\/image\/\",\"url\":\"https:\/\/www.novatec.com\/wp-content\/uploads\/2020\/07\/logo.png\",\"contentUrl\":\"https:\/\/www.novatec.com\/wp-content\/uploads\/2020\/07\/logo.png\",\"width\":771,\"height\":146,\"caption\":\"Novatec, Inc.\"},\"image\":{\"@id\":\"https:\/\/www.novatec.com\/es\/#\/schema\/logo\/image\/\"},\"sameAs\":[\"https:\/\/www.linkedin.com\/company\/novatec\",\"https:\/\/youtube.com\/user\/novatecinc\"]}]}<\/script>\n<!-- \/ Yoast SEO Premium plugin. -->","yoast_head_json":{"title":"Acerca de - Novatec, Inc.","robots":{"index":"index","follow":"follow","max-snippet":"max-snippet:-1","max-image-preview":"max-image-preview:large","max-video-preview":"max-video-preview:-1"},"canonical":"https:\/\/www.novatec.com\/es\/acerca-de\/","og_locale":"es_ES","og_type":"article","og_title":"Acerca de","og_description":"Acerca de \u00a1El fabricante de secadores de resina m\u00e1s extenso de EE.UU.! NOVATEC, Inc. es el mayor fabricante estadounidense de secadores de resina para la industria del pl\u00e1stico. Nuestra asociaci\u00f3n con MAGUIRE Products ampl\u00eda nuestro grupo empresarial para ofrecer la mayor l\u00ednea de equipos auxiliares para pl\u00e1sticos fabricados en Norteam\u00e9rica. \u0645\u0648\u0639\u062f \u0627\u0646\u0637\u0644\u0627\u0642 \u064a\u0648\u0631\u0648 2022 Combinamos [&hellip;]","og_url":"https:\/\/www.novatec.com\/es\/acerca-de\/","og_site_name":"Novatec, Inc.","article_modified_time":"2024-07-12T20:23:09+00:00","twitter_card":"summary_large_image","twitter_misc":{"Tiempo de lectura":"2 minutos"},"schema":{"@context":"https:\/\/schema.org","@graph":[{"@type":"WebPage","@id":"https:\/\/www.novatec.com\/es\/acerca-de\/","url":"https:\/\/www.novatec.com\/es\/acerca-de\/","name":"Acerca de - Novatec, Inc.","isPartOf":{"@id":"https:\/\/www.novatec.com\/es\/#website"},"datePublished":"2020-08-05T14:17:21+00:00","dateModified":"2024-07-12T20:23:09+00:00","breadcrumb":{"@id":"https:\/\/www.novatec.com\/es\/acerca-de\/#breadcrumb"},"inLanguage":"es","potentialAction":[{"@type":"ReadAction","target":["https:\/\/www.novatec.com\/es\/acerca-de\/"]}]},{"@type":"BreadcrumbList","@id":"https:\/\/www.novatec.com\/es\/acerca-de\/#breadcrumb","itemListElement":[{"@type":"ListItem","position":1,"name":"Home","item":"https:\/\/www.novatec.com\/es\/"},{"@type":"ListItem","position":2,"name":"Acerca de"}]},{"@type":"WebSite","@id":"https:\/\/www.novatec.com\/es\/#website","url":"https:\/\/www.novatec.com\/es\/","name":"Novatec, Inc.","description":"","publisher":{"@id":"https:\/\/www.novatec.com\/es\/#organization"},"potentialAction":[{"@type":"SearchAction","target":{"@type":"EntryPoint","urlTemplate":"https:\/\/www.novatec.com\/es\/?s={search_term_string}"},"query-input":{"@type":"PropertyValueSpecification","valueRequired":true,"valueName":"search_term_string"}}],"inLanguage":"es"},{"@type":"Organization","@id":"https:\/\/www.novatec.com\/es\/#organization","name":"Novatec, Inc.","url":"https:\/\/www.novatec.com\/es\/","logo":{"@type":"ImageObject","inLanguage":"es","@id":"https:\/\/www.novatec.com\/es\/#\/schema\/logo\/image\/","url":"https:\/\/www.novatec.com\/wp-content\/uploads\/2020\/07\/logo.png","contentUrl":"https:\/\/www.novatec.com\/wp-content\/uploads\/2020\/07\/logo.png","width":771,"height":146,"caption":"Novatec, Inc."},"image":{"@id":"https:\/\/www.novatec.com\/es\/#\/schema\/logo\/image\/"},"sameAs":["https:\/\/www.linkedin.com\/company\/novatec","https:\/\/youtube.com\/user\/novatecinc"]}]}},"builder_content":"<h1>Acerca de<br\/><\/h1>\n<h2>\u00a1El fabricante de secadores de resina m\u00e1s extenso de EE.UU.!<\/h2>\n<p>NOVATEC, Inc. es el mayor fabricante estadounidense de secadores de resina para la industria del pl\u00e1stico. Nuestra asociaci\u00f3n con MAGUIRE Products ampl\u00eda nuestro grupo empresarial para ofrecer la mayor l\u00ednea de equipos auxiliares para pl\u00e1sticos fabricados en Norteam\u00e9rica. Combinamos el secado de pl\u00e1sticos, el transporte de pl\u00e1sticos y la mezcla de pl\u00e1sticos con productos de extrusi\u00f3n posteriores para dise\u00f1ar e instalar sistemas centrales completos de secado y transporte de pl\u00e1sticos.<\/p> <p>Recibimos visitantes regularmente en nuestro Centro de Tecnolog\u00eda de Secado de \u00faltima generaci\u00f3n, donde probamos el rendimiento de los secadores de pl\u00e1sticos frente a cualquier otro tipo de secador, utilizando muestras de resina espec\u00edficas del cliente. Con una l\u00ednea de analizadores de humedad fuera de l\u00ednea recientemente ampliada, podemos ofrecer comparaciones de sistemas de secado fuera de l\u00ednea para determinar las mejores opciones de an\u00e1lisis de secado de resinas. S\u00f3lo comparando la capacidad de secado de pl\u00e1sticos y la eficiencia energ\u00e9tica se puede tomar una decisi\u00f3n informada sobre qu\u00e9 secador de pl\u00e1sticos es el mejor para tu aplicaci\u00f3n. Se recomienda tu presencia durante las pruebas para que puedas ver los resultados de primera mano.<\/p>\n<p>Para complementar nuestros secadores de pl\u00e1sticos energ\u00e9ticamente eficientes, ofrecemos una l\u00ednea completa de accesorios de transporte neum\u00e1tico de pl\u00e1sticos, una familia completa de controles de sistemas de transporte y una l\u00ednea de equipos de extrusi\u00f3n aguas abajo. La l\u00ednea NOVATEC de maquinaria auxiliar para pl\u00e1sticos est\u00e1 dise\u00f1ada para satisfacer las numerosas necesidades cambiantes y desafiantes de los transformadores de pl\u00e1sticos, ya sean grandes o peque\u00f1os.<\/p><p>El \u00e9nfasis del dise\u00f1o en la innovaci\u00f3n de productos proporciona productos nuevos y actualizados que ahorran energ\u00eda, espacio y reducen el mantenimiento, al tiempo que ofrecen siempre un rendimiento superior a precios competitivos. Cada vez m\u00e1s transformadores se pasan a NOVATEC y nuestro aumento de la cuota de mercado es una prueba de ello.<\/p><p>Nuestros clientes siguen siendo nuestra principal prioridad, con el compromiso de ofrecer a los transformadores de pl\u00e1sticos el m\u00e1ximo nivel de calidad a trav\u00e9s de nuestros productos, servicios y atenci\u00f3n personal.<\/p>\n<h2>\u00a1Ven a experimentar el nuevo NOVATEC hoy mismo!<\/h2>","_links":{"self":[{"href":"https:\/\/www.novatec.com\/es\/wp-json\/wp\/v2\/pages\/14322","targetHints":{"allow":["GET"]}}],"collection":[{"href":"https:\/\/www.novatec.com\/es\/wp-json\/wp\/v2\/pages"}],"about":[{"href":"https:\/\/www.novatec.com\/es\/wp-json\/wp\/v2\/types\/page"}],"author":[{"embeddable":true,"href":"https:\/\/www.novatec.com\/es\/wp-json\/wp\/v2\/users\/1"}],"replies":[{"embeddable":true,"href":"https:\/\/www.novatec.com\/es\/wp-json\/wp\/v2\/comments?post=14322"}],"version-history":[{"count":12,"href":"https:\/\/www.novatec.com\/es\/wp-json\/wp\/v2\/pages\/14322\/revisions"}],"predecessor-version":[{"id":14411,"href":"https:\/\/www.novatec.com\/es\/wp-json\/wp\/v2\/pages\/14322\/revisions\/14411"}],"wp:attachment":[{"href":"https:\/\/www.novatec.com\/es\/wp-json\/wp\/v2\/media?parent=14322"}],"curies":[{"name":"wp","href":"https:\/\/api.w.org\/{rel}","templated":true}]}}