{"id":14697,"date":"2024-09-10T12:23:19","date_gmt":"2024-09-10T12:23:19","guid":{"rendered":"https:\/\/www.novatec.com\/copia-de-extrusion\/"},"modified":"2024-09-10T12:32:51","modified_gmt":"2024-09-10T12:32:51","slug":"copia-de-extrusion","status":"publish","type":"page","link":"https:\/\/www.novatec.com\/es\/copia-de-extrusion\/","title":{"rendered":"Extrusi\u00f3n &#8211; Potencia de bobina"},"content":{"rendered":"<!--themify_builder_content-->\n<div id=\"themify_builder_content-14697\" data-postid=\"14697\" class=\"themify_builder_content themify_builder_content-14697 themify_builder tf_clear\">\n                    <div  data-lazy=\"1\" class=\"module_row themify_builder_row tb_v6do083 tb_first tf_w\">\n            <span  class=\"builder_row_cover tf_abs\" data-lazy=\"1\"><\/span>            <div class=\"row_inner col_align_top tb_col_count_1 tf_box tf_rel\">\n                        <div  data-lazy=\"1\" class=\"module_column tb-column col-full tb_osho930 first\">\n                    <!-- module text -->\n<div  class=\"module module-text tb_wovi260 listing-title white-color  \" data-lazy=\"1\">\n        <div  class=\"tb_text_wrap\">\n        <p>Extrusi\u00f3n<\/p>    <\/div>\n<\/div>\n<!-- \/module text -->        <\/div>\n                        <\/div>\n        <\/div>\n                        <div  data-lazy=\"1\" class=\"module_row themify_builder_row tb_tfr6903 tf_w\">\n                        <div class=\"row_inner col_align_top tb_col_count_1 tf_box tf_rel\">\n                        <div  data-lazy=\"1\" class=\"module_column tb-column col-full tb_w8cx609 first\">\n                    <!-- module text -->\n<div  class=\"module module-text tb_hhoi601   \" data-lazy=\"1\">\n        <div  class=\"tb_text_wrap\">\n        <p>\u00a1Transici\u00f3n emocionante para nuestros productos de extrusi\u00f3n descendentes!<\/p>    <\/div>\n<\/div>\n<!-- \/module text --><!-- module text -->\n<div  class=\"module module-text tb_krbw326   \" data-lazy=\"1\">\n        <div  class=\"tb_text_wrap\">\n        <p>Novatec ha transferido a Reel Power nuestra revolucionaria l\u00ednea de productos de extrusi\u00f3n Downstream.<\/p>\n<p>Este traslado nos permite centrarnos m\u00e1s en ofrecer soluciones l\u00edderes del sector en equipos de transporte de resina, secado y control de la humedad.<\/p>\n<p>Para productos de extrusi\u00f3n aguas abajo y mucho m\u00e1s, visita Reel Power, donde podr\u00e1s seguir encontrando las mismas soluciones de alta calidad en las que conf\u00edas.<\/p>\n<p>Nota: Novatec mantiene su compromiso de prestar asistencia a todos los equipos existentes actualmente en funcionamiento.\nPara el servicio o soporte de cualquier equipo de extrusi\u00f3n de Novatec que ya est\u00e9 en funcionamiento, ponte en contacto con el departamento de soporte de Novatec aqu\u00ed.\nPara nuevas construcciones de extrusi\u00f3n descendente, ponte en contacto con nuestro socio industrial de confianza, Reel Power.  <\/p>    <\/div>\n<\/div>\n<!-- \/module text -->        <\/div>\n                        <\/div>\n        <\/div>\n                        <div  data-lazy=\"1\" class=\"module_row themify_builder_row tb_zuiq48 tf_w\">\n                        <div class=\"row_inner col_align_middle tb_col_count_2 tf_box tf_rel\">\n                        <div  data-lazy=\"1\" class=\"module_column tb-column col4-2 tb_gnc248 first\">\n                    <!-- module image -->\n<div  class=\"module module-image tb_z2tz151 image-right   tf_mw\" data-lazy=\"1\">\n        <div class=\"image-wrap tf_rel tf_mw\">\n            <img decoding=\"async\" width=\"600\" height=\"589\" data-src=\"https:\/\/www.novatec.com\/wp-content\/uploads\/2022\/05\/home-extrusion-1.png\" class=\"wp-post-image wp-image-6357 lazyload\" title=\"home-extrusion-1\" alt=\"home-extrusion-1\" data-srcset=\"https:\/\/www.novatec.com\/wp-content\/uploads\/2022\/05\/home-extrusion-1.png 600w, https:\/\/www.novatec.com\/wp-content\/uploads\/2022\/05\/home-extrusion-1-300x295.png 300w, https:\/\/www.novatec.com\/wp-content\/uploads\/2022\/05\/home-extrusion-1-32x32.png 32w\" data-sizes=\"(max-width: 600px) 100vw, 600px\" src=\"data:image\/svg+xml;base64,PHN2ZyB3aWR0aD0iMSIgaGVpZ2h0PSIxIiB4bWxucz0iaHR0cDovL3d3dy53My5vcmcvMjAwMC9zdmciPjwvc3ZnPg==\" style=\"--smush-placeholder-width: 600px; --smush-placeholder-aspect-ratio: 600\/589;\" \/>    \n        <\/div>\n    <!-- \/image-wrap -->\n    \n        <\/div>\n<!-- \/module image -->        <\/div>\n                    <div  data-lazy=\"1\" class=\"module_column tb-column col4-2 tb_7duf126 last\">\n                    <!-- module buttons -->\n<div  class=\"module module-buttons tb_wlhz254 buttons-horizontal solid  \" data-lazy=\"1\">\n        <div class=\"module-buttons-item tf_in_flx\">\n                        <a href=\"https:\/\/themify.me\/\" class=\"ui builder_button tf_in_flx orange\" >\n                                                Haz clic aqu\u00ed                                        <\/a>\n                <\/div>\n            <\/div>\n<!-- \/module buttons -->\n        <\/div>\n                        <\/div>\n        <\/div>\n        <\/div>\n<!--\/themify_builder_content-->","protected":false},"excerpt":{"rendered":"<p>Extrusi\u00f3n \u00a1Transici\u00f3n emocionante para nuestros productos de extrusi\u00f3n descendentes! Novatec ha transferido a Reel Power nuestra revolucionaria l\u00ednea de productos de extrusi\u00f3n Downstream. Este traslado nos permite centrarnos m\u00e1s en ofrecer soluciones l\u00edderes del sector en equipos de transporte de resina, secado y control de la humedad. Para productos de extrusi\u00f3n aguas abajo y mucho [&hellip;]<\/p>\n","protected":false},"author":1,"featured_media":0,"parent":0,"menu_order":0,"comment_status":"closed","ping_status":"closed","template":"","meta":{"footnotes":""},"class_list":["post-14697","page","type-page","status-publish","hentry","has-post-title","has-post-date","has-post-category","has-post-tag","has-post-comment","has-post-author",""],"yoast_head":"<!-- This site is optimized with the Yoast SEO Premium plugin v27.1 (Yoast SEO v27.1.1) - https:\/\/yoast.com\/product\/yoast-seo-premium-wordpress\/ -->\n<title>Equipos de extrusi\u00f3n para la transformaci\u00f3n de pl\u00e1sticos - Novatec, Inc.<\/title>\n<meta name=\"description\" content=\"Novatec ofrece equipos de flujo descendente que cambian las reglas del juego y proporcionan una extracci\u00f3n exacta y precisa que te permite aumentar la eficacia y obtener una calidad de producto final inigualable.\" \/>\n<meta name=\"robots\" content=\"index, follow, max-snippet:-1, max-image-preview:large, max-video-preview:-1\" \/>\n<link rel=\"canonical\" href=\"https:\/\/www.novatec.com\/es\/copia-de-extrusion\/\" \/>\n<meta property=\"og:locale\" content=\"es_ES\" \/>\n<meta property=\"og:type\" content=\"article\" \/>\n<meta property=\"og:title\" content=\"Extrusi\u00f3n - Potencia de bobina\" \/>\n<meta property=\"og:description\" content=\"Novatec ofrece equipos de flujo descendente que cambian las reglas del juego y proporcionan una extracci\u00f3n exacta y precisa que te permite aumentar la eficacia y obtener una calidad de producto final inigualable.\" \/>\n<meta property=\"og:url\" content=\"https:\/\/www.novatec.com\/es\/copia-de-extrusion\/\" \/>\n<meta property=\"og:site_name\" content=\"Novatec, Inc.\" \/>\n<meta property=\"article:modified_time\" content=\"2024-09-10T12:32:51+00:00\" \/>\n<meta property=\"og:image\" content=\"https:\/\/www.novatec.com\/wp-content\/uploads\/2022\/05\/home-extrusion-1.png\" \/>\n<meta name=\"twitter:card\" content=\"summary_large_image\" \/>\n<meta name=\"twitter:label1\" content=\"Tiempo de lectura\" \/>\n\t<meta name=\"twitter:data1\" content=\"1 minuto\" \/>\n<script type=\"application\/ld+json\" class=\"yoast-schema-graph\">{\"@context\":\"https:\/\/schema.org\",\"@graph\":[{\"@type\":\"WebPage\",\"@id\":\"https:\/\/www.novatec.com\/es\/copia-de-extrusion\/\",\"url\":\"https:\/\/www.novatec.com\/es\/copia-de-extrusion\/\",\"name\":\"Equipos de extrusi\u00f3n para la transformaci\u00f3n de pl\u00e1sticos - Novatec, Inc.\",\"isPartOf\":{\"@id\":\"https:\/\/www.novatec.com\/es\/#website\"},\"primaryImageOfPage\":{\"@id\":\"https:\/\/www.novatec.com\/es\/copia-de-extrusion\/#primaryimage\"},\"image\":{\"@id\":\"https:\/\/www.novatec.com\/es\/copia-de-extrusion\/#primaryimage\"},\"thumbnailUrl\":\"https:\/\/www.novatec.com\/wp-content\/uploads\/2022\/05\/home-extrusion-1.png\",\"datePublished\":\"2024-09-10T12:23:19+00:00\",\"dateModified\":\"2024-09-10T12:32:51+00:00\",\"description\":\"Novatec ofrece equipos de flujo descendente que cambian las reglas del juego y proporcionan una extracci\u00f3n exacta y precisa que te permite aumentar la eficacia y obtener una calidad de producto final inigualable.\",\"breadcrumb\":{\"@id\":\"https:\/\/www.novatec.com\/es\/copia-de-extrusion\/#breadcrumb\"},\"inLanguage\":\"es\",\"potentialAction\":[{\"@type\":\"ReadAction\",\"target\":[\"https:\/\/www.novatec.com\/es\/copia-de-extrusion\/\"]}]},{\"@type\":\"ImageObject\",\"inLanguage\":\"es\",\"@id\":\"https:\/\/www.novatec.com\/es\/copia-de-extrusion\/#primaryimage\",\"url\":\"https:\/\/www.novatec.com\/wp-content\/uploads\/2022\/05\/home-extrusion-1.png\",\"contentUrl\":\"https:\/\/www.novatec.com\/wp-content\/uploads\/2022\/05\/home-extrusion-1.png\"},{\"@type\":\"BreadcrumbList\",\"@id\":\"https:\/\/www.novatec.com\/es\/copia-de-extrusion\/#breadcrumb\",\"itemListElement\":[{\"@type\":\"ListItem\",\"position\":1,\"name\":\"Home\",\"item\":\"https:\/\/www.novatec.com\/es\/\"},{\"@type\":\"ListItem\",\"position\":2,\"name\":\"Extrusi\u00f3n &#8211; Potencia de bobina\"}]},{\"@type\":\"WebSite\",\"@id\":\"https:\/\/www.novatec.com\/es\/#website\",\"url\":\"https:\/\/www.novatec.com\/es\/\",\"name\":\"Novatec, Inc.\",\"description\":\"\",\"publisher\":{\"@id\":\"https:\/\/www.novatec.com\/es\/#organization\"},\"potentialAction\":[{\"@type\":\"SearchAction\",\"target\":{\"@type\":\"EntryPoint\",\"urlTemplate\":\"https:\/\/www.novatec.com\/es\/?s={search_term_string}\"},\"query-input\":{\"@type\":\"PropertyValueSpecification\",\"valueRequired\":true,\"valueName\":\"search_term_string\"}}],\"inLanguage\":\"es\"},{\"@type\":\"Organization\",\"@id\":\"https:\/\/www.novatec.com\/es\/#organization\",\"name\":\"Novatec, Inc.\",\"url\":\"https:\/\/www.novatec.com\/es\/\",\"logo\":{\"@type\":\"ImageObject\",\"inLanguage\":\"es\",\"@id\":\"https:\/\/www.novatec.com\/es\/#\/schema\/logo\/image\/\",\"url\":\"https:\/\/www.novatec.com\/wp-content\/uploads\/2020\/07\/logo.png\",\"contentUrl\":\"https:\/\/www.novatec.com\/wp-content\/uploads\/2020\/07\/logo.png\",\"width\":771,\"height\":146,\"caption\":\"Novatec, Inc.\"},\"image\":{\"@id\":\"https:\/\/www.novatec.com\/es\/#\/schema\/logo\/image\/\"},\"sameAs\":[\"https:\/\/www.linkedin.com\/company\/novatec\",\"https:\/\/youtube.com\/user\/novatecinc\"]}]}<\/script>\n<!-- \/ Yoast SEO Premium plugin. -->","yoast_head_json":{"title":"Equipos de extrusi\u00f3n para la transformaci\u00f3n de pl\u00e1sticos - Novatec, Inc.","description":"Novatec ofrece equipos de flujo descendente que cambian las reglas del juego y proporcionan una extracci\u00f3n exacta y precisa que te permite aumentar la eficacia y obtener una calidad de producto final inigualable.","robots":{"index":"index","follow":"follow","max-snippet":"max-snippet:-1","max-image-preview":"max-image-preview:large","max-video-preview":"max-video-preview:-1"},"canonical":"https:\/\/www.novatec.com\/es\/copia-de-extrusion\/","og_locale":"es_ES","og_type":"article","og_title":"Extrusi\u00f3n - Potencia de bobina","og_description":"Novatec ofrece equipos de flujo descendente que cambian las reglas del juego y proporcionan una extracci\u00f3n exacta y precisa que te permite aumentar la eficacia y obtener una calidad de producto final inigualable.","og_url":"https:\/\/www.novatec.com\/es\/copia-de-extrusion\/","og_site_name":"Novatec, Inc.","article_modified_time":"2024-09-10T12:32:51+00:00","og_image":[{"url":"https:\/\/www.novatec.com\/wp-content\/uploads\/2022\/05\/home-extrusion-1.png","type":"","width":"","height":""}],"twitter_card":"summary_large_image","twitter_misc":{"Tiempo de lectura":"1 minuto"},"schema":{"@context":"https:\/\/schema.org","@graph":[{"@type":"WebPage","@id":"https:\/\/www.novatec.com\/es\/copia-de-extrusion\/","url":"https:\/\/www.novatec.com\/es\/copia-de-extrusion\/","name":"Equipos de extrusi\u00f3n para la transformaci\u00f3n de pl\u00e1sticos - Novatec, Inc.","isPartOf":{"@id":"https:\/\/www.novatec.com\/es\/#website"},"primaryImageOfPage":{"@id":"https:\/\/www.novatec.com\/es\/copia-de-extrusion\/#primaryimage"},"image":{"@id":"https:\/\/www.novatec.com\/es\/copia-de-extrusion\/#primaryimage"},"thumbnailUrl":"https:\/\/www.novatec.com\/wp-content\/uploads\/2022\/05\/home-extrusion-1.png","datePublished":"2024-09-10T12:23:19+00:00","dateModified":"2024-09-10T12:32:51+00:00","description":"Novatec ofrece equipos de flujo descendente que cambian las reglas del juego y proporcionan una extracci\u00f3n exacta y precisa que te permite aumentar la eficacia y obtener una calidad de producto final inigualable.","breadcrumb":{"@id":"https:\/\/www.novatec.com\/es\/copia-de-extrusion\/#breadcrumb"},"inLanguage":"es","potentialAction":[{"@type":"ReadAction","target":["https:\/\/www.novatec.com\/es\/copia-de-extrusion\/"]}]},{"@type":"ImageObject","inLanguage":"es","@id":"https:\/\/www.novatec.com\/es\/copia-de-extrusion\/#primaryimage","url":"https:\/\/www.novatec.com\/wp-content\/uploads\/2022\/05\/home-extrusion-1.png","contentUrl":"https:\/\/www.novatec.com\/wp-content\/uploads\/2022\/05\/home-extrusion-1.png"},{"@type":"BreadcrumbList","@id":"https:\/\/www.novatec.com\/es\/copia-de-extrusion\/#breadcrumb","itemListElement":[{"@type":"ListItem","position":1,"name":"Home","item":"https:\/\/www.novatec.com\/es\/"},{"@type":"ListItem","position":2,"name":"Extrusi\u00f3n &#8211; Potencia de bobina"}]},{"@type":"WebSite","@id":"https:\/\/www.novatec.com\/es\/#website","url":"https:\/\/www.novatec.com\/es\/","name":"Novatec, Inc.","description":"","publisher":{"@id":"https:\/\/www.novatec.com\/es\/#organization"},"potentialAction":[{"@type":"SearchAction","target":{"@type":"EntryPoint","urlTemplate":"https:\/\/www.novatec.com\/es\/?s={search_term_string}"},"query-input":{"@type":"PropertyValueSpecification","valueRequired":true,"valueName":"search_term_string"}}],"inLanguage":"es"},{"@type":"Organization","@id":"https:\/\/www.novatec.com\/es\/#organization","name":"Novatec, Inc.","url":"https:\/\/www.novatec.com\/es\/","logo":{"@type":"ImageObject","inLanguage":"es","@id":"https:\/\/www.novatec.com\/es\/#\/schema\/logo\/image\/","url":"https:\/\/www.novatec.com\/wp-content\/uploads\/2020\/07\/logo.png","contentUrl":"https:\/\/www.novatec.com\/wp-content\/uploads\/2020\/07\/logo.png","width":771,"height":146,"caption":"Novatec, Inc."},"image":{"@id":"https:\/\/www.novatec.com\/es\/#\/schema\/logo\/image\/"},"sameAs":["https:\/\/www.linkedin.com\/company\/novatec","https:\/\/youtube.com\/user\/novatecinc"]}]}},"builder_content":"<p>Extrusi\u00f3n<\/p>\n<p>\u00a1Transici\u00f3n emocionante para nuestros productos de extrusi\u00f3n descendentes!<\/p>\n<p>Novatec ha transferido a Reel Power nuestra revolucionaria l\u00ednea de productos de extrusi\u00f3n Downstream.<\/p> <p>Este traslado nos permite centrarnos m\u00e1s en ofrecer soluciones l\u00edderes del sector en equipos de transporte de resina, secado y control de la humedad.<\/p> <p>Para productos de extrusi\u00f3n aguas abajo y mucho m\u00e1s, visita Reel Power, donde podr\u00e1s seguir encontrando las mismas soluciones de alta calidad en las que conf\u00edas.<\/p> <p>Nota: Novatec mantiene su compromiso de prestar asistencia a todos los equipos existentes actualmente en funcionamiento. Para el servicio o soporte de cualquier equipo de extrusi\u00f3n de Novatec que ya est\u00e9 en funcionamiento, ponte en contacto con el departamento de soporte de Novatec aqu\u00ed. Para nuevas construcciones de extrusi\u00f3n descendente, ponte en contacto con nuestro socio industrial de confianza, Reel Power. <\/p>\n<img src=\"https:\/\/www.novatec.com\/wp-content\/uploads\/2022\/05\/home-extrusion-1.png\" title=\"home-extrusion-1\" alt=\"home-extrusion-1\" srcset=\"https:\/\/www.novatec.com\/wp-content\/uploads\/2022\/05\/home-extrusion-1.png 600w, https:\/\/www.novatec.com\/wp-content\/uploads\/2022\/05\/home-extrusion-1-300x295.png 300w, https:\/\/www.novatec.com\/wp-content\/uploads\/2022\/05\/home-extrusion-1-32x32.png 32w\" sizes=\"(max-width: 600px) 100vw, 600px\" \/>\n<a href=\"https:\/\/themify.me\/\" > Haz clic aqu\u00ed <\/a>","_links":{"self":[{"href":"https:\/\/www.novatec.com\/es\/wp-json\/wp\/v2\/pages\/14697","targetHints":{"allow":["GET"]}}],"collection":[{"href":"https:\/\/www.novatec.com\/es\/wp-json\/wp\/v2\/pages"}],"about":[{"href":"https:\/\/www.novatec.com\/es\/wp-json\/wp\/v2\/types\/page"}],"author":[{"embeddable":true,"href":"https:\/\/www.novatec.com\/es\/wp-json\/wp\/v2\/users\/1"}],"replies":[{"embeddable":true,"href":"https:\/\/www.novatec.com\/es\/wp-json\/wp\/v2\/comments?post=14697"}],"version-history":[{"count":8,"href":"https:\/\/www.novatec.com\/es\/wp-json\/wp\/v2\/pages\/14697\/revisions"}],"predecessor-version":[{"id":14712,"href":"https:\/\/www.novatec.com\/es\/wp-json\/wp\/v2\/pages\/14697\/revisions\/14712"}],"wp:attachment":[{"href":"https:\/\/www.novatec.com\/es\/wp-json\/wp\/v2\/media?parent=14697"}],"curies":[{"name":"wp","href":"https:\/\/api.w.org\/{rel}","templated":true}]}}