{"id":16676,"date":"2025-02-27T15:33:39","date_gmt":"2025-02-27T15:33:39","guid":{"rendered":"https:\/\/www.novatec.com\/rcu\/"},"modified":"2025-02-27T15:35:32","modified_gmt":"2025-02-27T15:35:32","slug":"rcu","status":"publish","type":"page","link":"https:\/\/www.novatec.com\/es\/copia-de-secado\/manipulacion-de-materiales-plasticos-a-granel\/rcu\/","title":{"rendered":"RCU"},"content":{"rendered":"<!--themify_builder_content-->\n<div id=\"themify_builder_content-16676\" data-postid=\"16676\" class=\"themify_builder_content themify_builder_content-16676 themify_builder tf_clear\">\n                    <div  data-lazy=\"1\" class=\"module_row themify_builder_row tb_gnzb91 tb_first tf_w\">\n                        <div class=\"row_inner col_align_middle tb_col_count_2 tf_box tf_rel\">\n                        <div  data-lazy=\"1\" class=\"module_column tb-column col4-2 tb_8mz591 first\">\n                    <!-- module text -->\n<div  class=\"module module-text tb_d7pe91   \" data-lazy=\"1\">\n        <div  class=\"tb_text_wrap\">\n        <p>Descarga de forma m\u00e1s inteligente. Transfiere Resina con Precisi\u00f3n. No Necesitas Ni\u00f1era.  <\/p>    <\/div>\n<\/div>\n<!-- \/module text --><!-- module text -->\n<div  class=\"module module-text tb_hrib91   \" data-lazy=\"1\">\n        <div  class=\"tb_text_wrap\">\n        <p>El descargador de vagones Set-It &amp; Forget-It dise\u00f1ado espec\u00edficamente para procesadores de pl\u00e1sticos<\/p>    <\/div>\n<\/div>\n<!-- \/module text --><!-- module buttons -->\n<div  class=\"module module-buttons tb_bycd91 buttons-horizontal solid  small circle\" data-lazy=\"1\">\n        <div class=\"module-buttons-item tf_in_flx\">\n                        <a href=\"https:\/\/www.novatec.com\/wp-content\/uploads\/2024\/12\/ND3-DataSheet.pdf\" class=\"ui builder_button tf_in_flx blue\" target=\"_blank\" rel=\"noopener\">\n                                                Ficha t\u00e9cnica                                        <\/a>\n                <\/div>\n                    <div class=\"module-buttons-item tf_in_flx\">\n                        <a href=\"#contact\" class=\"ui builder_button tf_in_flx blue\" >\n                                                Contacta con nosotros                                        <\/a>\n                <\/div>\n            <\/div>\n<!-- \/module buttons -->\n        <\/div>\n                    <div  data-lazy=\"1\" class=\"module_column tb-column col4-2 tb_mhxd91 last\">\n                    <!-- module video -->\n<div  class=\"module module-video tb_2b7s91 video-top redPlayButton customVideo \" data-lazy=\"1\">\n                    <div class=\"video-wrap-outer\">\n            <div class=\"video-wrap tf_rel tf_overflow\">\n                                    <noscript><iframe data-no-script data-src=\"https:\/\/www.youtube.com\/embed\/d2KExWgGgSo?pip=1&#038;playsinline=1\" allow=\"accelerometer;encrypted-media;gyroscope;picture-in-picture;fullscreen\" class=\"tf_abs tf_w tf_h lazyload\" src=\"data:image\/svg+xml;base64,PHN2ZyB3aWR0aD0iMSIgaGVpZ2h0PSIxIiB4bWxucz0iaHR0cDovL3d3dy53My5vcmcvMjAwMC9zdmciPjwvc3ZnPg==\" data-load-mode=\"1\"><\/iframe><\/noscript>\n                                                                <div class=\"tb_video_overlay tf_abs_t tf_w tf_h\">\n                            <div class=\"tb_video_play tf_abs_c\"><\/div>\n                          \n                        <img decoding=\"async\" width=\"761\" height=\"468\" data-src=\"https:\/\/www.novatec.com\/wp-content\/uploads\/2025\/02\/how-unloading-railcar-works-thumb.png\" class=\"wp-post-image wp-image-16626 lazyload\" style=\"--smush-placeholder-width: 761px; --smush-placeholder-aspect-ratio: 761\/468;width:100%;object-fit:cover\" title=\"how-unloading-railcar-works-thumb\" alt=\"how-unloading-railcar-works-thumb\" data-srcset=\"https:\/\/www.novatec.com\/wp-content\/uploads\/2025\/02\/how-unloading-railcar-works-thumb.png 761w, https:\/\/www.novatec.com\/wp-content\/uploads\/2025\/02\/how-unloading-railcar-works-thumb-300x184.png 300w, https:\/\/www.novatec.com\/wp-content\/uploads\/2025\/02\/how-unloading-railcar-works-thumb-600x369.png 600w\" data-sizes=\"(max-width: 761px) 100vw, 761px\" src=\"data:image\/svg+xml;base64,PHN2ZyB3aWR0aD0iMSIgaGVpZ2h0PSIxIiB4bWxucz0iaHR0cDovL3d3dy53My5vcmcvMjAwMC9zdmciPjwvc3ZnPg==\" \/>                                                <\/div>\n                      \n                                <\/div>\n            <!-- \/video-wrap -->\n        <\/div>\n        <!-- \/video-wrap-outer -->\n            <\/div>\n        <\/div>\n                        <\/div>\n        <\/div>\n        <\/div>\n<!--\/themify_builder_content-->","protected":false},"excerpt":{"rendered":"<p>Descarga de forma m\u00e1s inteligente. Transfiere Resina con Precisi\u00f3n. No Necesitas Ni\u00f1era. El descargador de vagones Set-It &amp; Forget-It dise\u00f1ado espec\u00edficamente para procesadores de pl\u00e1sticos Ficha t\u00e9cnica Contacta con nosotros<\/p>\n","protected":false},"author":1,"featured_media":0,"parent":14281,"menu_order":0,"comment_status":"closed","ping_status":"closed","template":"","meta":{"footnotes":""},"class_list":["post-16676","page","type-page","status-publish","hentry","has-post-title","has-post-date","has-post-category","has-post-tag","has-post-comment","has-post-author",""],"yoast_head":"<!-- This site is optimized with the Yoast SEO Premium plugin v27.1 (Yoast SEO v27.1.1) - https:\/\/yoast.com\/product\/yoast-seo-premium-wordpress\/ -->\n<title>RCU - Novatec, Inc.<\/title>\n<meta name=\"robots\" content=\"index, follow, max-snippet:-1, max-image-preview:large, max-video-preview:-1\" \/>\n<link rel=\"canonical\" href=\"https:\/\/www.novatec.com\/es\/copia-de-secado\/manipulacion-de-materiales-plasticos-a-granel\/rcu\/\" \/>\n<meta property=\"og:locale\" content=\"es_ES\" \/>\n<meta property=\"og:type\" content=\"article\" \/>\n<meta property=\"og:title\" content=\"RCU\" \/>\n<meta property=\"og:description\" content=\"Descarga de forma m\u00e1s inteligente. Transfiere Resina con Precisi\u00f3n. No Necesitas Ni\u00f1era. El descargador de vagones Set-It &amp; Forget-It dise\u00f1ado espec\u00edficamente para procesadores de pl\u00e1sticos Ficha t\u00e9cnica Contacta con nosotros\" \/>\n<meta property=\"og:url\" content=\"https:\/\/www.novatec.com\/es\/copia-de-secado\/manipulacion-de-materiales-plasticos-a-granel\/rcu\/\" \/>\n<meta property=\"og:site_name\" content=\"Novatec, Inc.\" \/>\n<meta property=\"article:modified_time\" content=\"2025-02-27T15:35:32+00:00\" \/>\n<meta name=\"twitter:card\" content=\"summary_large_image\" \/>\n<script type=\"application\/ld+json\" class=\"yoast-schema-graph\">{\"@context\":\"https:\/\/schema.org\",\"@graph\":[{\"@type\":\"WebPage\",\"@id\":\"https:\/\/www.novatec.com\/es\/copia-de-secado\/manipulacion-de-materiales-plasticos-a-granel\/rcu\/\",\"url\":\"https:\/\/www.novatec.com\/es\/copia-de-secado\/manipulacion-de-materiales-plasticos-a-granel\/rcu\/\",\"name\":\"RCU - Novatec, Inc.\",\"isPartOf\":{\"@id\":\"https:\/\/www.novatec.com\/es\/#website\"},\"datePublished\":\"2025-02-27T15:33:39+00:00\",\"dateModified\":\"2025-02-27T15:35:32+00:00\",\"breadcrumb\":{\"@id\":\"https:\/\/www.novatec.com\/es\/copia-de-secado\/manipulacion-de-materiales-plasticos-a-granel\/rcu\/#breadcrumb\"},\"inLanguage\":\"es\",\"potentialAction\":[{\"@type\":\"ReadAction\",\"target\":[\"https:\/\/www.novatec.com\/es\/copia-de-secado\/manipulacion-de-materiales-plasticos-a-granel\/rcu\/\"]}]},{\"@type\":\"BreadcrumbList\",\"@id\":\"https:\/\/www.novatec.com\/es\/copia-de-secado\/manipulacion-de-materiales-plasticos-a-granel\/rcu\/#breadcrumb\",\"itemListElement\":[{\"@type\":\"ListItem\",\"position\":1,\"name\":\"Home\",\"item\":\"https:\/\/www.novatec.com\/es\/\"},{\"@type\":\"ListItem\",\"position\":2,\"name\":\"RCU\"}]},{\"@type\":\"WebSite\",\"@id\":\"https:\/\/www.novatec.com\/es\/#website\",\"url\":\"https:\/\/www.novatec.com\/es\/\",\"name\":\"Novatec, Inc.\",\"description\":\"\",\"publisher\":{\"@id\":\"https:\/\/www.novatec.com\/es\/#organization\"},\"potentialAction\":[{\"@type\":\"SearchAction\",\"target\":{\"@type\":\"EntryPoint\",\"urlTemplate\":\"https:\/\/www.novatec.com\/es\/?s={search_term_string}\"},\"query-input\":{\"@type\":\"PropertyValueSpecification\",\"valueRequired\":true,\"valueName\":\"search_term_string\"}}],\"inLanguage\":\"es\"},{\"@type\":\"Organization\",\"@id\":\"https:\/\/www.novatec.com\/es\/#organization\",\"name\":\"Novatec, Inc.\",\"url\":\"https:\/\/www.novatec.com\/es\/\",\"logo\":{\"@type\":\"ImageObject\",\"inLanguage\":\"es\",\"@id\":\"https:\/\/www.novatec.com\/es\/#\/schema\/logo\/image\/\",\"url\":\"https:\/\/www.novatec.com\/wp-content\/uploads\/2020\/07\/logo.png\",\"contentUrl\":\"https:\/\/www.novatec.com\/wp-content\/uploads\/2020\/07\/logo.png\",\"width\":771,\"height\":146,\"caption\":\"Novatec, Inc.\"},\"image\":{\"@id\":\"https:\/\/www.novatec.com\/es\/#\/schema\/logo\/image\/\"},\"sameAs\":[\"https:\/\/www.linkedin.com\/company\/novatec\",\"https:\/\/youtube.com\/user\/novatecinc\"]}]}<\/script>\n<!-- \/ Yoast SEO Premium plugin. -->","yoast_head_json":{"title":"RCU - Novatec, Inc.","robots":{"index":"index","follow":"follow","max-snippet":"max-snippet:-1","max-image-preview":"max-image-preview:large","max-video-preview":"max-video-preview:-1"},"canonical":"https:\/\/www.novatec.com\/es\/copia-de-secado\/manipulacion-de-materiales-plasticos-a-granel\/rcu\/","og_locale":"es_ES","og_type":"article","og_title":"RCU","og_description":"Descarga de forma m\u00e1s inteligente. Transfiere Resina con Precisi\u00f3n. No Necesitas Ni\u00f1era. El descargador de vagones Set-It &amp; Forget-It dise\u00f1ado espec\u00edficamente para procesadores de pl\u00e1sticos Ficha t\u00e9cnica Contacta con nosotros","og_url":"https:\/\/www.novatec.com\/es\/copia-de-secado\/manipulacion-de-materiales-plasticos-a-granel\/rcu\/","og_site_name":"Novatec, Inc.","article_modified_time":"2025-02-27T15:35:32+00:00","twitter_card":"summary_large_image","schema":{"@context":"https:\/\/schema.org","@graph":[{"@type":"WebPage","@id":"https:\/\/www.novatec.com\/es\/copia-de-secado\/manipulacion-de-materiales-plasticos-a-granel\/rcu\/","url":"https:\/\/www.novatec.com\/es\/copia-de-secado\/manipulacion-de-materiales-plasticos-a-granel\/rcu\/","name":"RCU - Novatec, Inc.","isPartOf":{"@id":"https:\/\/www.novatec.com\/es\/#website"},"datePublished":"2025-02-27T15:33:39+00:00","dateModified":"2025-02-27T15:35:32+00:00","breadcrumb":{"@id":"https:\/\/www.novatec.com\/es\/copia-de-secado\/manipulacion-de-materiales-plasticos-a-granel\/rcu\/#breadcrumb"},"inLanguage":"es","potentialAction":[{"@type":"ReadAction","target":["https:\/\/www.novatec.com\/es\/copia-de-secado\/manipulacion-de-materiales-plasticos-a-granel\/rcu\/"]}]},{"@type":"BreadcrumbList","@id":"https:\/\/www.novatec.com\/es\/copia-de-secado\/manipulacion-de-materiales-plasticos-a-granel\/rcu\/#breadcrumb","itemListElement":[{"@type":"ListItem","position":1,"name":"Home","item":"https:\/\/www.novatec.com\/es\/"},{"@type":"ListItem","position":2,"name":"RCU"}]},{"@type":"WebSite","@id":"https:\/\/www.novatec.com\/es\/#website","url":"https:\/\/www.novatec.com\/es\/","name":"Novatec, Inc.","description":"","publisher":{"@id":"https:\/\/www.novatec.com\/es\/#organization"},"potentialAction":[{"@type":"SearchAction","target":{"@type":"EntryPoint","urlTemplate":"https:\/\/www.novatec.com\/es\/?s={search_term_string}"},"query-input":{"@type":"PropertyValueSpecification","valueRequired":true,"valueName":"search_term_string"}}],"inLanguage":"es"},{"@type":"Organization","@id":"https:\/\/www.novatec.com\/es\/#organization","name":"Novatec, Inc.","url":"https:\/\/www.novatec.com\/es\/","logo":{"@type":"ImageObject","inLanguage":"es","@id":"https:\/\/www.novatec.com\/es\/#\/schema\/logo\/image\/","url":"https:\/\/www.novatec.com\/wp-content\/uploads\/2020\/07\/logo.png","contentUrl":"https:\/\/www.novatec.com\/wp-content\/uploads\/2020\/07\/logo.png","width":771,"height":146,"caption":"Novatec, Inc."},"image":{"@id":"https:\/\/www.novatec.com\/es\/#\/schema\/logo\/image\/"},"sameAs":["https:\/\/www.linkedin.com\/company\/novatec","https:\/\/youtube.com\/user\/novatecinc"]}]}},"builder_content":"<p>Descarga de forma m\u00e1s inteligente. Transfiere Resina con Precisi\u00f3n. No Necesitas Ni\u00f1era. <\/p>\n<p>El descargador de vagones Set-It &amp; Forget-It dise\u00f1ado espec\u00edficamente para procesadores de pl\u00e1sticos<\/p>\n<a href=\"https:\/\/www.novatec.com\/wp-content\/uploads\/2024\/12\/ND3-DataSheet.pdf\" target=\"_blank\" rel=\"noopener\"> Ficha t\u00e9cnica <\/a> <a href=\"#contact\" > Contacta con nosotros <\/a>\n[embed]https:\/\/youtu.be\/d2KExWgGgSo[\/embed]","_links":{"self":[{"href":"https:\/\/www.novatec.com\/es\/wp-json\/wp\/v2\/pages\/16676","targetHints":{"allow":["GET"]}}],"collection":[{"href":"https:\/\/www.novatec.com\/es\/wp-json\/wp\/v2\/pages"}],"about":[{"href":"https:\/\/www.novatec.com\/es\/wp-json\/wp\/v2\/types\/page"}],"author":[{"embeddable":true,"href":"https:\/\/www.novatec.com\/es\/wp-json\/wp\/v2\/users\/1"}],"replies":[{"embeddable":true,"href":"https:\/\/www.novatec.com\/es\/wp-json\/wp\/v2\/comments?post=16676"}],"version-history":[{"count":2,"href":"https:\/\/www.novatec.com\/es\/wp-json\/wp\/v2\/pages\/16676\/revisions"}],"predecessor-version":[{"id":16679,"href":"https:\/\/www.novatec.com\/es\/wp-json\/wp\/v2\/pages\/16676\/revisions\/16679"}],"up":[{"embeddable":true,"href":"https:\/\/www.novatec.com\/es\/wp-json\/wp\/v2\/pages\/14281"}],"wp:attachment":[{"href":"https:\/\/www.novatec.com\/es\/wp-json\/wp\/v2\/media?parent=16676"}],"curies":[{"name":"wp","href":"https:\/\/api.w.org\/{rel}","templated":true}]}}