{"id":16785,"date":"2025-03-11T12:42:22","date_gmt":"2025-03-11T12:42:22","guid":{"rendered":"https:\/\/www.novatec.com\/bombas-de-vacio-nuevo\/"},"modified":"2025-03-11T12:56:20","modified_gmt":"2025-03-11T12:56:20","slug":"bombas-de-vacio-nuevo","status":"publish","type":"page","link":"https:\/\/www.novatec.com\/es\/copia-de-secado\/bombas-de-vacio-nuevo\/","title":{"rendered":"Bombas de vac\u00edo Nuevo"},"content":{"rendered":"<!--themify_builder_content-->\n<div id=\"themify_builder_content-16785\" data-postid=\"16785\" class=\"themify_builder_content themify_builder_content-16785 themify_builder tf_clear\">\n                    <div  data-lazy=\"1\" class=\"module_row themify_builder_row tb_w2yn347 tb_first tf_w\">\n                        <div class=\"row_inner col_align_top tb_col_count_2 tf_box tf_rel\">\n                        <div  data-lazy=\"1\" class=\"module_column tb-column col4-2 tb_8xlf347 first\">\n                    <!-- module text -->\n<div  class=\"module module-text tb_hw05347   \" data-lazy=\"1\">\n        <div  class=\"tb_text_wrap\">\n        <p>Bombas de vac\u00edo dise\u00f1adas para tu proceso, tu aplicaci\u00f3n<\/p>    <\/div>\n<\/div>\n<!-- \/module text --><!-- module text -->\n<div  class=\"module module-text tb_6w96347   \" data-lazy=\"1\">\n        <div  class=\"tb_text_wrap\">\n        <p>La bomba adecuada. El rendimiento adecuado. Siempre.  <\/p>    <\/div>\n<\/div>\n<!-- \/module text --><!-- module text -->\n<div  class=\"module module-text tb_rc1l347   \" data-lazy=\"1\">\n        <div  class=\"tb_text_wrap\">\n        <ul class=\"hollow-orange-bullets\">\n<li>La bomba adecuada para cada tama\u00f1o y distancia de l\u00ednea<\/li>\n<li>Protege tu resina y tu equipo con un flujo de aire de precisi\u00f3n<\/li>\n<li>No pagues m\u00e1s por energ\u00eda que no necesitas<\/li>\n<\/ul>    <\/div>\n<\/div>\n<!-- \/module text --><!-- module buttons -->\n<div  class=\"module module-buttons tb_ygdi347 buttons-horizontal solid  small circle\" data-lazy=\"1\">\n        <div class=\"module-buttons-item tf_in_flx\">\n                        <a href=\"https:\/\/www.novatec.com\/wp-content\/uploads\/2024\/12\/ND3-DataSheet.pdf\" class=\"ui builder_button tf_in_flx blue\" target=\"_blank\" rel=\"noopener\">\n                                                Ficha t\u00e9cnica                                        <\/a>\n                <\/div>\n                    <div class=\"module-buttons-item tf_in_flx\">\n                        <a href=\"#contact\" class=\"ui builder_button tf_in_flx blue\" >\n                                                Contacta con nosotros                                        <\/a>\n                <\/div>\n            <\/div>\n<!-- \/module buttons -->\n        <\/div>\n                    <div  data-lazy=\"1\" class=\"module_column tb-column col4-2 tb_3fq3347 last\">\n                    <!-- module video -->\n<div  class=\"module module-video tb_mppl347 video-top redPlayButton customVideo \" data-lazy=\"1\">\n                    <div class=\"video-wrap-outer\">\n            <div class=\"video-wrap tf_rel tf_overflow\">\n                                    <noscript><iframe data-no-script data-src=\"https:\/\/www.youtube.com\/embed\/d2KExWgGgSo?pip=1&#038;playsinline=1\" allow=\"accelerometer;encrypted-media;gyroscope;picture-in-picture;fullscreen\" class=\"tf_abs tf_w tf_h lazyload\" src=\"data:image\/svg+xml;base64,PHN2ZyB3aWR0aD0iMSIgaGVpZ2h0PSIxIiB4bWxucz0iaHR0cDovL3d3dy53My5vcmcvMjAwMC9zdmciPjwvc3ZnPg==\" data-load-mode=\"1\"><\/iframe><\/noscript>\n                                                                <div class=\"tb_video_overlay tf_abs_t tf_w tf_h\">\n                            <div class=\"tb_video_play tf_abs_c\"><\/div>\n                          \n                        <img decoding=\"async\" width=\"1570\" height=\"968\" data-src=\"https:\/\/www.novatec.com\/wp-content\/uploads\/2025\/03\/get-know-vacuum-pumps.png\" class=\"wp-post-image wp-image-16788 lazyload\" style=\"--smush-placeholder-width: 1570px; --smush-placeholder-aspect-ratio: 1570\/968;width:100%;object-fit:cover\" title=\"get-know-vacuum-pumps\" alt=\"get-know-vacuum-pumps\" data-srcset=\"https:\/\/www.novatec.com\/wp-content\/uploads\/2025\/03\/get-know-vacuum-pumps.png 1570w, https:\/\/www.novatec.com\/wp-content\/uploads\/2025\/03\/get-know-vacuum-pumps-300x185.png 300w, https:\/\/www.novatec.com\/wp-content\/uploads\/2025\/03\/get-know-vacuum-pumps-1024x631.png 1024w, https:\/\/www.novatec.com\/wp-content\/uploads\/2025\/03\/get-know-vacuum-pumps-768x474.png 768w, https:\/\/www.novatec.com\/wp-content\/uploads\/2025\/03\/get-know-vacuum-pumps-1536x947.png 1536w, https:\/\/www.novatec.com\/wp-content\/uploads\/2025\/03\/get-know-vacuum-pumps-600x370.png 600w\" data-sizes=\"(max-width: 1570px) 100vw, 1570px\" src=\"data:image\/svg+xml;base64,PHN2ZyB3aWR0aD0iMSIgaGVpZ2h0PSIxIiB4bWxucz0iaHR0cDovL3d3dy53My5vcmcvMjAwMC9zdmciPjwvc3ZnPg==\" \/>                                                <\/div>\n                      \n                                <\/div>\n            <!-- \/video-wrap -->\n        <\/div>\n        <!-- \/video-wrap-outer -->\n            <\/div>\n        <\/div>\n                        <\/div>\n        <\/div>\n        <\/div>\n<!--\/themify_builder_content-->","protected":false},"excerpt":{"rendered":"<p>Bombas de vac\u00edo dise\u00f1adas para tu proceso, tu aplicaci\u00f3n<\/p>\n","protected":false},"author":1,"featured_media":0,"parent":15789,"menu_order":0,"comment_status":"closed","ping_status":"closed","template":"","meta":{"footnotes":""},"class_list":["post-16785","page","type-page","status-publish","hentry","has-post-title","has-post-date","has-post-category","has-post-tag","has-post-comment","has-post-author",""],"yoast_head":"<!-- This site is optimized with the Yoast SEO Premium plugin v27.1 (Yoast SEO v27.1.1) - https:\/\/yoast.com\/product\/yoast-seo-premium-wordpress\/ -->\n<title>Bombas de vac\u00edo Nuevo - Novatec, Inc.<\/title>\n<meta name=\"robots\" content=\"index, follow, max-snippet:-1, max-image-preview:large, max-video-preview:-1\" \/>\n<link rel=\"canonical\" href=\"https:\/\/www.novatec.com\/es\/copia-de-secado\/bombas-de-vacio-nuevo\/\" \/>\n<meta property=\"og:locale\" content=\"es_ES\" \/>\n<meta property=\"og:type\" content=\"article\" \/>\n<meta property=\"og:title\" content=\"Bombas de vac\u00edo Nuevo\" \/>\n<meta property=\"og:description\" content=\"Bombas de vac\u00edo dise\u00f1adas para tu proceso, tu aplicaci\u00f3n\" \/>\n<meta property=\"og:url\" content=\"https:\/\/www.novatec.com\/es\/copia-de-secado\/bombas-de-vacio-nuevo\/\" \/>\n<meta property=\"og:site_name\" content=\"Novatec, Inc.\" \/>\n<meta property=\"article:modified_time\" content=\"2025-03-11T12:56:20+00:00\" \/>\n<meta name=\"twitter:card\" content=\"summary_large_image\" \/>\n<script type=\"application\/ld+json\" class=\"yoast-schema-graph\">{\"@context\":\"https:\/\/schema.org\",\"@graph\":[{\"@type\":\"WebPage\",\"@id\":\"https:\/\/www.novatec.com\/es\/copia-de-secado\/bombas-de-vacio-nuevo\/\",\"url\":\"https:\/\/www.novatec.com\/es\/copia-de-secado\/bombas-de-vacio-nuevo\/\",\"name\":\"Bombas de vac\u00edo Nuevo - Novatec, Inc.\",\"isPartOf\":{\"@id\":\"https:\/\/www.novatec.com\/es\/#website\"},\"datePublished\":\"2025-03-11T12:42:22+00:00\",\"dateModified\":\"2025-03-11T12:56:20+00:00\",\"breadcrumb\":{\"@id\":\"https:\/\/www.novatec.com\/es\/copia-de-secado\/bombas-de-vacio-nuevo\/#breadcrumb\"},\"inLanguage\":\"es\",\"potentialAction\":[{\"@type\":\"ReadAction\",\"target\":[\"https:\/\/www.novatec.com\/es\/copia-de-secado\/bombas-de-vacio-nuevo\/\"]}]},{\"@type\":\"BreadcrumbList\",\"@id\":\"https:\/\/www.novatec.com\/es\/copia-de-secado\/bombas-de-vacio-nuevo\/#breadcrumb\",\"itemListElement\":[{\"@type\":\"ListItem\",\"position\":1,\"name\":\"Home\",\"item\":\"https:\/\/www.novatec.com\/es\/\"},{\"@type\":\"ListItem\",\"position\":2,\"name\":\"Bombas de vac\u00edo Nuevo\"}]},{\"@type\":\"WebSite\",\"@id\":\"https:\/\/www.novatec.com\/es\/#website\",\"url\":\"https:\/\/www.novatec.com\/es\/\",\"name\":\"Novatec, Inc.\",\"description\":\"\",\"publisher\":{\"@id\":\"https:\/\/www.novatec.com\/es\/#organization\"},\"potentialAction\":[{\"@type\":\"SearchAction\",\"target\":{\"@type\":\"EntryPoint\",\"urlTemplate\":\"https:\/\/www.novatec.com\/es\/?s={search_term_string}\"},\"query-input\":{\"@type\":\"PropertyValueSpecification\",\"valueRequired\":true,\"valueName\":\"search_term_string\"}}],\"inLanguage\":\"es\"},{\"@type\":\"Organization\",\"@id\":\"https:\/\/www.novatec.com\/es\/#organization\",\"name\":\"Novatec, Inc.\",\"url\":\"https:\/\/www.novatec.com\/es\/\",\"logo\":{\"@type\":\"ImageObject\",\"inLanguage\":\"es\",\"@id\":\"https:\/\/www.novatec.com\/es\/#\/schema\/logo\/image\/\",\"url\":\"https:\/\/www.novatec.com\/wp-content\/uploads\/2020\/07\/logo.png\",\"contentUrl\":\"https:\/\/www.novatec.com\/wp-content\/uploads\/2020\/07\/logo.png\",\"width\":771,\"height\":146,\"caption\":\"Novatec, Inc.\"},\"image\":{\"@id\":\"https:\/\/www.novatec.com\/es\/#\/schema\/logo\/image\/\"},\"sameAs\":[\"https:\/\/www.linkedin.com\/company\/novatec\",\"https:\/\/youtube.com\/user\/novatecinc\"]}]}<\/script>\n<!-- \/ Yoast SEO Premium plugin. -->","yoast_head_json":{"title":"Bombas de vac\u00edo Nuevo - Novatec, Inc.","robots":{"index":"index","follow":"follow","max-snippet":"max-snippet:-1","max-image-preview":"max-image-preview:large","max-video-preview":"max-video-preview:-1"},"canonical":"https:\/\/www.novatec.com\/es\/copia-de-secado\/bombas-de-vacio-nuevo\/","og_locale":"es_ES","og_type":"article","og_title":"Bombas de vac\u00edo Nuevo","og_description":"Bombas de vac\u00edo dise\u00f1adas para tu proceso, tu aplicaci\u00f3n","og_url":"https:\/\/www.novatec.com\/es\/copia-de-secado\/bombas-de-vacio-nuevo\/","og_site_name":"Novatec, Inc.","article_modified_time":"2025-03-11T12:56:20+00:00","twitter_card":"summary_large_image","schema":{"@context":"https:\/\/schema.org","@graph":[{"@type":"WebPage","@id":"https:\/\/www.novatec.com\/es\/copia-de-secado\/bombas-de-vacio-nuevo\/","url":"https:\/\/www.novatec.com\/es\/copia-de-secado\/bombas-de-vacio-nuevo\/","name":"Bombas de vac\u00edo Nuevo - Novatec, Inc.","isPartOf":{"@id":"https:\/\/www.novatec.com\/es\/#website"},"datePublished":"2025-03-11T12:42:22+00:00","dateModified":"2025-03-11T12:56:20+00:00","breadcrumb":{"@id":"https:\/\/www.novatec.com\/es\/copia-de-secado\/bombas-de-vacio-nuevo\/#breadcrumb"},"inLanguage":"es","potentialAction":[{"@type":"ReadAction","target":["https:\/\/www.novatec.com\/es\/copia-de-secado\/bombas-de-vacio-nuevo\/"]}]},{"@type":"BreadcrumbList","@id":"https:\/\/www.novatec.com\/es\/copia-de-secado\/bombas-de-vacio-nuevo\/#breadcrumb","itemListElement":[{"@type":"ListItem","position":1,"name":"Home","item":"https:\/\/www.novatec.com\/es\/"},{"@type":"ListItem","position":2,"name":"Bombas de vac\u00edo Nuevo"}]},{"@type":"WebSite","@id":"https:\/\/www.novatec.com\/es\/#website","url":"https:\/\/www.novatec.com\/es\/","name":"Novatec, Inc.","description":"","publisher":{"@id":"https:\/\/www.novatec.com\/es\/#organization"},"potentialAction":[{"@type":"SearchAction","target":{"@type":"EntryPoint","urlTemplate":"https:\/\/www.novatec.com\/es\/?s={search_term_string}"},"query-input":{"@type":"PropertyValueSpecification","valueRequired":true,"valueName":"search_term_string"}}],"inLanguage":"es"},{"@type":"Organization","@id":"https:\/\/www.novatec.com\/es\/#organization","name":"Novatec, Inc.","url":"https:\/\/www.novatec.com\/es\/","logo":{"@type":"ImageObject","inLanguage":"es","@id":"https:\/\/www.novatec.com\/es\/#\/schema\/logo\/image\/","url":"https:\/\/www.novatec.com\/wp-content\/uploads\/2020\/07\/logo.png","contentUrl":"https:\/\/www.novatec.com\/wp-content\/uploads\/2020\/07\/logo.png","width":771,"height":146,"caption":"Novatec, Inc."},"image":{"@id":"https:\/\/www.novatec.com\/es\/#\/schema\/logo\/image\/"},"sameAs":["https:\/\/www.linkedin.com\/company\/novatec","https:\/\/youtube.com\/user\/novatecinc"]}]}},"builder_content":"<p>Bombas de vac\u00edo dise\u00f1adas para tu proceso, tu aplicaci\u00f3n<\/p>\n<p>La bomba adecuada. El rendimiento adecuado. Siempre. <\/p>\n<ul> <li>La bomba adecuada para cada tama\u00f1o y distancia de l\u00ednea<\/li> <li>Protege tu resina y tu equipo con un flujo de aire de precisi\u00f3n<\/li> <li>No pagues m\u00e1s por energ\u00eda que no necesitas<\/li> <\/ul>\n<a href=\"https:\/\/www.novatec.com\/wp-content\/uploads\/2024\/12\/ND3-DataSheet.pdf\" target=\"_blank\" rel=\"noopener\"> Ficha t\u00e9cnica <\/a> <a href=\"#contact\" > Contacta con nosotros <\/a>\n[embed]https:\/\/youtu.be\/d2KExWgGgSo[\/embed]","_links":{"self":[{"href":"https:\/\/www.novatec.com\/es\/wp-json\/wp\/v2\/pages\/16785","targetHints":{"allow":["GET"]}}],"collection":[{"href":"https:\/\/www.novatec.com\/es\/wp-json\/wp\/v2\/pages"}],"about":[{"href":"https:\/\/www.novatec.com\/es\/wp-json\/wp\/v2\/types\/page"}],"author":[{"embeddable":true,"href":"https:\/\/www.novatec.com\/es\/wp-json\/wp\/v2\/users\/1"}],"replies":[{"embeddable":true,"href":"https:\/\/www.novatec.com\/es\/wp-json\/wp\/v2\/comments?post=16785"}],"version-history":[{"count":4,"href":"https:\/\/www.novatec.com\/es\/wp-json\/wp\/v2\/pages\/16785\/revisions"}],"predecessor-version":[{"id":16794,"href":"https:\/\/www.novatec.com\/es\/wp-json\/wp\/v2\/pages\/16785\/revisions\/16794"}],"up":[{"embeddable":true,"href":"https:\/\/www.novatec.com\/es\/wp-json\/wp\/v2\/pages\/15789"}],"wp:attachment":[{"href":"https:\/\/www.novatec.com\/es\/wp-json\/wp\/v2\/media?parent=16785"}],"curies":[{"name":"wp","href":"https:\/\/api.w.org\/{rel}","templated":true}]}}