{"id":13689,"date":"2020-08-13T19:22:37","date_gmt":"2020-08-13T19:22:37","guid":{"rendered":"https:\/\/www.novatec.com\/product\/novawheel-secador-de-rueda-desecante-medio\/"},"modified":"2020-08-13T19:22:37","modified_gmt":"2020-08-13T19:22:37","slug":"novawheel-secador-de-rueda-desecante-medio","status":"publish","type":"product","link":"https:\/\/www.novatec.com\/es\/products\/novawheel-secador-de-rueda-desecante-medio\/","title":{"rendered":"NovaWheel\u2122 Secador de Rueda Desecante Medio"},"content":{"rendered":"<ul>\n<li>Pantalla t\u00e1ctil en color de alta resoluci\u00f3n de 7&#8243; Control PLC de serie Todos los modelos<\/li>\n<li>Peque\u00f1a huella y menor consumo de energ\u00eda<\/li>\n<li>Accionamiento por cadena para una mayor duraci\u00f3n y uniformidad de secado<\/li>\n<li>Menos mantenimiento que las secadoras comparables de carrusel o de doble lecho<\/li>\n<li>-40\u00baF Punto de roc\u00edo garantizado<\/li>\n<li>Configuraciones disponibles del paquete de secado centralizado<\/li>\n<li>5 a\u00f1os de garant\u00eda para el menor coste de propiedad<\/li>\n<\/ul>\n<h6>Adem\u00e1s:<\/h6>\n<ul>\n<li>F\u00e1cil acceso abierto a todos los componentes<\/li>\n<li>Interruptores de caudal de soplantes de proceso y regeneraci\u00f3n<\/li>\n<li>Sensor de punto de roc\u00edo para aire de proceso<\/li>\n<li>Filtro plastificante con desag\u00fce<\/li>\n<\/ul>\n","protected":false},"excerpt":{"rendered":"<h4>226-907 kg\/h (500-2000 lb\/h)<\/h4>\n<p>Las secadoras centrales y aut\u00f3nomas NovaWheel\u2122 llevan una tecnolog\u00eda de secado probada a un nuevo nivel de excelencia en la reducci\u00f3n de tus costes energ\u00e9ticos. Los secadores de rueda desecante NovaWheel\u2122 Medium incorporan de serie un control PLC con pantalla t\u00e1ctil de 7&#8243; y acceso frontal a todos los filtros.<\/p>\n<p>Las configuraciones del Secador Central prev\u00e9n que los par\u00e1metros de secado de la tolva se introduzcan en el control de la tolva o desde el control del Secador Central. A partir del modelo NW-1000, ahora con <strong>DryerSense\u2122,<\/strong> que proporciona diagn\u00f3sticos en tiempo real y consejos pr\u00e1cticos para el mantenimiento de los principales componentes de la secadora.<\/p>\n","protected":false},"featured_media":13690,"template":"","meta":[],"product_brand":[],"product_cat":[226],"product_tag":[227],"class_list":{"0":"post-13689","1":"product","2":"type-product","3":"status-publish","4":"has-post-thumbnail","6":"product_cat-rueda-desecante","7":"product_tag-producto","8":"has-post-title","9":"has-post-date","10":"has-post-category","11":"has-post-tag","12":"has-post-comment","13":"has-post-author","14":"","16":"first","17":"instock","18":"shipping-taxable","19":"product-type-simple"},"yoast_head":"<!-- This site is optimized with the Yoast SEO Premium plugin v27.1 (Yoast SEO v27.1.1) - https:\/\/yoast.com\/product\/yoast-seo-premium-wordpress\/ -->\n<title>NovaWheel\u2122 Secador de Rueda Desecante Medio - Novatec, Inc.<\/title>\n<meta name=\"robots\" content=\"index, follow, max-snippet:-1, max-image-preview:large, max-video-preview:-1\" \/>\n<link rel=\"canonical\" href=\"https:\/\/www.novatec.com\/es\/products\/novawheel-secador-de-rueda-desecante-medio\/\" \/>\n<meta property=\"og:locale\" content=\"es_ES\" \/>\n<meta property=\"og:type\" content=\"article\" \/>\n<meta property=\"og:title\" content=\"NovaWheel\u2122 Secador de Rueda Desecante Medio\" \/>\n<meta property=\"og:description\" content=\"226-907 kg\/h (500-2000 lb\/h) Las secadoras centrales y aut\u00f3nomas NovaWheel\u2122 llevan una tecnolog\u00eda de secado probada a un nuevo nivel de excelencia en la reducci\u00f3n de tus costes energ\u00e9ticos. Los secadores de rueda desecante NovaWheel\u2122 Medium incorporan de serie un control PLC con pantalla t\u00e1ctil de 7&quot; y acceso frontal a todos los filtros. Las configuraciones del Secador Central prev\u00e9n que los par\u00e1metros de secado de la tolva se introduzcan en el control de la tolva o desde el control del Secador Central. A partir del modelo NW-1000, ahora con DryerSense\u2122, que proporciona diagn\u00f3sticos en tiempo real y consejos pr\u00e1cticos para el mantenimiento de los principales componentes de la secadora.\" \/>\n<meta property=\"og:url\" content=\"https:\/\/www.novatec.com\/es\/products\/novawheel-secador-de-rueda-desecante-medio\/\" \/>\n<meta property=\"og:site_name\" content=\"Novatec, Inc.\" \/>\n<meta property=\"og:image\" content=\"https:\/\/www.novatec.com\/wp-content\/uploads\/2020\/08\/NW-1000NC-1.jpg\" \/>\n\t<meta property=\"og:image:width\" content=\"800\" \/>\n\t<meta property=\"og:image:height\" content=\"800\" \/>\n\t<meta property=\"og:image:type\" content=\"image\/jpeg\" \/>\n<meta name=\"twitter:card\" content=\"summary_large_image\" \/>\n<meta name=\"twitter:label1\" content=\"Tiempo de lectura\" \/>\n\t<meta name=\"twitter:data1\" content=\"1 minuto\" \/>\n<script type=\"application\/ld+json\" class=\"yoast-schema-graph\">{\"@context\":\"https:\/\/schema.org\",\"@graph\":[{\"@type\":\"WebPage\",\"@id\":\"https:\/\/www.novatec.com\/es\/products\/novawheel-secador-de-rueda-desecante-medio\/\",\"url\":\"https:\/\/www.novatec.com\/es\/products\/novawheel-secador-de-rueda-desecante-medio\/\",\"name\":\"NovaWheel\u2122 Secador de Rueda Desecante Medio - Novatec, Inc.\",\"isPartOf\":{\"@id\":\"https:\/\/www.novatec.com\/es\/#website\"},\"primaryImageOfPage\":{\"@id\":\"https:\/\/www.novatec.com\/es\/products\/novawheel-secador-de-rueda-desecante-medio\/#primaryimage\"},\"image\":{\"@id\":\"https:\/\/www.novatec.com\/es\/products\/novawheel-secador-de-rueda-desecante-medio\/#primaryimage\"},\"thumbnailUrl\":\"https:\/\/www.novatec.com\/wp-content\/uploads\/2020\/08\/NW-1000NC-1.jpg\",\"datePublished\":\"2020-08-13T19:22:37+00:00\",\"breadcrumb\":{\"@id\":\"https:\/\/www.novatec.com\/es\/products\/novawheel-secador-de-rueda-desecante-medio\/#breadcrumb\"},\"inLanguage\":\"es\",\"potentialAction\":[{\"@type\":\"ReadAction\",\"target\":[\"https:\/\/www.novatec.com\/es\/products\/novawheel-secador-de-rueda-desecante-medio\/\"]}]},{\"@type\":\"ImageObject\",\"inLanguage\":\"es\",\"@id\":\"https:\/\/www.novatec.com\/es\/products\/novawheel-secador-de-rueda-desecante-medio\/#primaryimage\",\"url\":\"https:\/\/www.novatec.com\/wp-content\/uploads\/2020\/08\/NW-1000NC-1.jpg\",\"contentUrl\":\"https:\/\/www.novatec.com\/wp-content\/uploads\/2020\/08\/NW-1000NC-1.jpg\",\"width\":800,\"height\":800},{\"@type\":\"BreadcrumbList\",\"@id\":\"https:\/\/www.novatec.com\/es\/products\/novawheel-secador-de-rueda-desecante-medio\/#breadcrumb\",\"itemListElement\":[{\"@type\":\"ListItem\",\"position\":1,\"name\":\"Home\",\"item\":\"https:\/\/www.novatec.com\/es\/\"},{\"@type\":\"ListItem\",\"position\":2,\"name\":\"Tienda\",\"item\":\"https:\/\/www.novatec.com\/es\/tienda\/\"},{\"@type\":\"ListItem\",\"position\":3,\"name\":\"NovaWheel\u2122 Secador de Rueda Desecante Medio\"}]},{\"@type\":\"WebSite\",\"@id\":\"https:\/\/www.novatec.com\/es\/#website\",\"url\":\"https:\/\/www.novatec.com\/es\/\",\"name\":\"Novatec, Inc.\",\"description\":\"\",\"publisher\":{\"@id\":\"https:\/\/www.novatec.com\/es\/#organization\"},\"potentialAction\":[{\"@type\":\"SearchAction\",\"target\":{\"@type\":\"EntryPoint\",\"urlTemplate\":\"https:\/\/www.novatec.com\/es\/?s={search_term_string}\"},\"query-input\":{\"@type\":\"PropertyValueSpecification\",\"valueRequired\":true,\"valueName\":\"search_term_string\"}}],\"inLanguage\":\"es\"},{\"@type\":\"Organization\",\"@id\":\"https:\/\/www.novatec.com\/es\/#organization\",\"name\":\"Novatec, Inc.\",\"url\":\"https:\/\/www.novatec.com\/es\/\",\"logo\":{\"@type\":\"ImageObject\",\"inLanguage\":\"es\",\"@id\":\"https:\/\/www.novatec.com\/es\/#\/schema\/logo\/image\/\",\"url\":\"https:\/\/www.novatec.com\/wp-content\/uploads\/2020\/07\/logo.png\",\"contentUrl\":\"https:\/\/www.novatec.com\/wp-content\/uploads\/2020\/07\/logo.png\",\"width\":771,\"height\":146,\"caption\":\"Novatec, Inc.\"},\"image\":{\"@id\":\"https:\/\/www.novatec.com\/es\/#\/schema\/logo\/image\/\"},\"sameAs\":[\"https:\/\/www.linkedin.com\/company\/novatec\",\"https:\/\/youtube.com\/user\/novatecinc\"]}]}<\/script>\n<!-- \/ Yoast SEO Premium plugin. -->","yoast_head_json":{"title":"NovaWheel\u2122 Secador de Rueda Desecante Medio - Novatec, Inc.","robots":{"index":"index","follow":"follow","max-snippet":"max-snippet:-1","max-image-preview":"max-image-preview:large","max-video-preview":"max-video-preview:-1"},"canonical":"https:\/\/www.novatec.com\/es\/products\/novawheel-secador-de-rueda-desecante-medio\/","og_locale":"es_ES","og_type":"article","og_title":"NovaWheel\u2122 Secador de Rueda Desecante Medio","og_description":"226-907 kg\/h (500-2000 lb\/h) Las secadoras centrales y aut\u00f3nomas NovaWheel\u2122 llevan una tecnolog\u00eda de secado probada a un nuevo nivel de excelencia en la reducci\u00f3n de tus costes energ\u00e9ticos. Los secadores de rueda desecante NovaWheel\u2122 Medium incorporan de serie un control PLC con pantalla t\u00e1ctil de 7\" y acceso frontal a todos los filtros. Las configuraciones del Secador Central prev\u00e9n que los par\u00e1metros de secado de la tolva se introduzcan en el control de la tolva o desde el control del Secador Central. A partir del modelo NW-1000, ahora con DryerSense\u2122, que proporciona diagn\u00f3sticos en tiempo real y consejos pr\u00e1cticos para el mantenimiento de los principales componentes de la secadora.","og_url":"https:\/\/www.novatec.com\/es\/products\/novawheel-secador-de-rueda-desecante-medio\/","og_site_name":"Novatec, Inc.","og_image":[{"width":800,"height":800,"url":"https:\/\/www.novatec.com\/wp-content\/uploads\/2020\/08\/NW-1000NC-1.jpg","type":"image\/jpeg"}],"twitter_card":"summary_large_image","twitter_misc":{"Tiempo de lectura":"1 minuto"},"schema":{"@context":"https:\/\/schema.org","@graph":[{"@type":"WebPage","@id":"https:\/\/www.novatec.com\/es\/products\/novawheel-secador-de-rueda-desecante-medio\/","url":"https:\/\/www.novatec.com\/es\/products\/novawheel-secador-de-rueda-desecante-medio\/","name":"NovaWheel\u2122 Secador de Rueda Desecante Medio - Novatec, Inc.","isPartOf":{"@id":"https:\/\/www.novatec.com\/es\/#website"},"primaryImageOfPage":{"@id":"https:\/\/www.novatec.com\/es\/products\/novawheel-secador-de-rueda-desecante-medio\/#primaryimage"},"image":{"@id":"https:\/\/www.novatec.com\/es\/products\/novawheel-secador-de-rueda-desecante-medio\/#primaryimage"},"thumbnailUrl":"https:\/\/www.novatec.com\/wp-content\/uploads\/2020\/08\/NW-1000NC-1.jpg","datePublished":"2020-08-13T19:22:37+00:00","breadcrumb":{"@id":"https:\/\/www.novatec.com\/es\/products\/novawheel-secador-de-rueda-desecante-medio\/#breadcrumb"},"inLanguage":"es","potentialAction":[{"@type":"ReadAction","target":["https:\/\/www.novatec.com\/es\/products\/novawheel-secador-de-rueda-desecante-medio\/"]}]},{"@type":"ImageObject","inLanguage":"es","@id":"https:\/\/www.novatec.com\/es\/products\/novawheel-secador-de-rueda-desecante-medio\/#primaryimage","url":"https:\/\/www.novatec.com\/wp-content\/uploads\/2020\/08\/NW-1000NC-1.jpg","contentUrl":"https:\/\/www.novatec.com\/wp-content\/uploads\/2020\/08\/NW-1000NC-1.jpg","width":800,"height":800},{"@type":"BreadcrumbList","@id":"https:\/\/www.novatec.com\/es\/products\/novawheel-secador-de-rueda-desecante-medio\/#breadcrumb","itemListElement":[{"@type":"ListItem","position":1,"name":"Home","item":"https:\/\/www.novatec.com\/es\/"},{"@type":"ListItem","position":2,"name":"Tienda","item":"https:\/\/www.novatec.com\/es\/tienda\/"},{"@type":"ListItem","position":3,"name":"NovaWheel\u2122 Secador de Rueda Desecante Medio"}]},{"@type":"WebSite","@id":"https:\/\/www.novatec.com\/es\/#website","url":"https:\/\/www.novatec.com\/es\/","name":"Novatec, Inc.","description":"","publisher":{"@id":"https:\/\/www.novatec.com\/es\/#organization"},"potentialAction":[{"@type":"SearchAction","target":{"@type":"EntryPoint","urlTemplate":"https:\/\/www.novatec.com\/es\/?s={search_term_string}"},"query-input":{"@type":"PropertyValueSpecification","valueRequired":true,"valueName":"search_term_string"}}],"inLanguage":"es"},{"@type":"Organization","@id":"https:\/\/www.novatec.com\/es\/#organization","name":"Novatec, Inc.","url":"https:\/\/www.novatec.com\/es\/","logo":{"@type":"ImageObject","inLanguage":"es","@id":"https:\/\/www.novatec.com\/es\/#\/schema\/logo\/image\/","url":"https:\/\/www.novatec.com\/wp-content\/uploads\/2020\/07\/logo.png","contentUrl":"https:\/\/www.novatec.com\/wp-content\/uploads\/2020\/07\/logo.png","width":771,"height":146,"caption":"Novatec, Inc."},"image":{"@id":"https:\/\/www.novatec.com\/es\/#\/schema\/logo\/image\/"},"sameAs":["https:\/\/www.linkedin.com\/company\/novatec","https:\/\/youtube.com\/user\/novatecinc"]}]}},"builder_content":"","_links":{"self":[{"href":"https:\/\/www.novatec.com\/es\/wp-json\/wp\/v2\/product\/13689","targetHints":{"allow":["GET"]}}],"collection":[{"href":"https:\/\/www.novatec.com\/es\/wp-json\/wp\/v2\/product"}],"about":[{"href":"https:\/\/www.novatec.com\/es\/wp-json\/wp\/v2\/types\/product"}],"wp:featuredmedia":[{"embeddable":true,"href":"https:\/\/www.novatec.com\/es\/wp-json\/wp\/v2\/media\/13690"}],"wp:attachment":[{"href":"https:\/\/www.novatec.com\/es\/wp-json\/wp\/v2\/media?parent=13689"}],"wp:term":[{"taxonomy":"product_brand","embeddable":true,"href":"https:\/\/www.novatec.com\/es\/wp-json\/wp\/v2\/product_brand?post=13689"},{"taxonomy":"product_cat","embeddable":true,"href":"https:\/\/www.novatec.com\/es\/wp-json\/wp\/v2\/product_cat?post=13689"},{"taxonomy":"product_tag","embeddable":true,"href":"https:\/\/www.novatec.com\/es\/wp-json\/wp\/v2\/product_tag?post=13689"}],"curies":[{"name":"wp","href":"https:\/\/api.w.org\/{rel}","templated":true}]}}