{"id":13694,"date":"2020-08-13T19:48:22","date_gmt":"2020-08-13T19:48:22","guid":{"rendered":"https:\/\/www.novatec.com\/product\/novawheel-powerguard-rueda-desecante-secadora\/"},"modified":"2020-08-13T19:48:22","modified_gmt":"2020-08-13T19:48:22","slug":"novawheel-powerguard-rueda-desecante-secadora","status":"publish","type":"product","link":"https:\/\/www.novatec.com\/es\/products\/novawheel-powerguard-rueda-desecante-secadora\/","title":{"rendered":"NovaWheel\u2122 PowerGuard Rueda Desecante Secadora"},"content":{"rendered":"<ul>\n<li>El sistema patentado garantiza la m\u00e1xima eficacia y el m\u00ednimo consumo de energ\u00eda<\/li>\n<li>La tecnolog\u00eda patentada ahorra hasta un 30+% en costes energ\u00e9ticos<\/li>\n<li>Optimizaci\u00f3n de la regeneraci\u00f3n<\/li>\n<li>Mantenimiento y reducci\u00f3n de la huella de m\u00e1s del 50%<\/li>\n<li>Cada sistema se adapta a las necesidades de procesamiento<\/li>\n<li>Paquetes de secadora central<\/li>\n<li>5 a\u00f1os de garant\u00eda para el menor coste de propiedad<\/li>\n<\/ul>\n<h6>Adem\u00e1s:<\/h6>\n<ul>\n<li>Sensor de punto de roc\u00edo Vaisala en la salida del aire de proceso<\/li>\n<li>Preenfriador (aire de retorno) y filtro\/drenaje de plastificante<\/li>\n<\/ul>\n","protected":false},"excerpt":{"rendered":"<h4>270-2272 kg.\/hora (600-5000 lb.\/hora)<\/h4>\n<p>Los Secadores NovaWheel PowerGuard est\u00e1n dise\u00f1ados para el secado \u00f3ptimo de una amplia gama de resinas. Ahorro de energ\u00eda patentado con el Control Adaptativo del Calentamiento del Proceso y la Optimizaci\u00f3n de la Regeneraci\u00f3n.<\/p>\n","protected":false},"featured_media":13695,"template":"","meta":[],"product_brand":[],"product_cat":[226],"product_tag":[227],"class_list":{"0":"post-13694","1":"product","2":"type-product","3":"status-publish","4":"has-post-thumbnail","6":"product_cat-rueda-desecante","7":"product_tag-producto","8":"has-post-title","9":"has-post-date","10":"has-post-category","11":"has-post-tag","12":"has-post-comment","13":"has-post-author","14":"","16":"first","17":"instock","18":"shipping-taxable","19":"product-type-simple"},"yoast_head":"<!-- This site is optimized with the Yoast SEO Premium plugin v27.1 (Yoast SEO v27.1.1) - https:\/\/yoast.com\/product\/yoast-seo-premium-wordpress\/ -->\n<title>NovaWheel\u2122 PowerGuard Rueda Desecante Secadora - Novatec, Inc.<\/title>\n<meta name=\"robots\" content=\"index, follow, max-snippet:-1, max-image-preview:large, max-video-preview:-1\" \/>\n<link rel=\"canonical\" href=\"https:\/\/www.novatec.com\/es\/products\/novawheel-powerguard-rueda-desecante-secadora\/\" \/>\n<meta property=\"og:locale\" content=\"es_ES\" \/>\n<meta property=\"og:type\" content=\"article\" \/>\n<meta property=\"og:title\" content=\"NovaWheel\u2122 PowerGuard Rueda Desecante Secadora\" \/>\n<meta property=\"og:description\" content=\"270-2272 kg.\/hora (600-5000 lb.\/hora) Los Secadores NovaWheel PowerGuard est\u00e1n dise\u00f1ados para el secado \u00f3ptimo de una amplia gama de resinas. Ahorro de energ\u00eda patentado con el Control Adaptativo del Calentamiento del Proceso y la Optimizaci\u00f3n de la Regeneraci\u00f3n.\" \/>\n<meta property=\"og:url\" content=\"https:\/\/www.novatec.com\/es\/products\/novawheel-powerguard-rueda-desecante-secadora\/\" \/>\n<meta property=\"og:site_name\" content=\"Novatec, Inc.\" \/>\n<meta property=\"og:image\" content=\"https:\/\/www.novatec.com\/wp-content\/uploads\/2020\/08\/NWPG-panel-1.jpg\" \/>\n\t<meta property=\"og:image:width\" content=\"1080\" \/>\n\t<meta property=\"og:image:height\" content=\"1080\" \/>\n\t<meta property=\"og:image:type\" content=\"image\/jpeg\" \/>\n<meta name=\"twitter:card\" content=\"summary_large_image\" \/>\n<script type=\"application\/ld+json\" class=\"yoast-schema-graph\">{\"@context\":\"https:\/\/schema.org\",\"@graph\":[{\"@type\":\"WebPage\",\"@id\":\"https:\/\/www.novatec.com\/es\/products\/novawheel-powerguard-rueda-desecante-secadora\/\",\"url\":\"https:\/\/www.novatec.com\/es\/products\/novawheel-powerguard-rueda-desecante-secadora\/\",\"name\":\"NovaWheel\u2122 PowerGuard Rueda Desecante Secadora - Novatec, Inc.\",\"isPartOf\":{\"@id\":\"https:\/\/www.novatec.com\/es\/#website\"},\"primaryImageOfPage\":{\"@id\":\"https:\/\/www.novatec.com\/es\/products\/novawheel-powerguard-rueda-desecante-secadora\/#primaryimage\"},\"image\":{\"@id\":\"https:\/\/www.novatec.com\/es\/products\/novawheel-powerguard-rueda-desecante-secadora\/#primaryimage\"},\"thumbnailUrl\":\"https:\/\/www.novatec.com\/wp-content\/uploads\/2020\/08\/NWPG-panel-1.jpg\",\"datePublished\":\"2020-08-13T19:48:22+00:00\",\"breadcrumb\":{\"@id\":\"https:\/\/www.novatec.com\/es\/products\/novawheel-powerguard-rueda-desecante-secadora\/#breadcrumb\"},\"inLanguage\":\"es\",\"potentialAction\":[{\"@type\":\"ReadAction\",\"target\":[\"https:\/\/www.novatec.com\/es\/products\/novawheel-powerguard-rueda-desecante-secadora\/\"]}]},{\"@type\":\"ImageObject\",\"inLanguage\":\"es\",\"@id\":\"https:\/\/www.novatec.com\/es\/products\/novawheel-powerguard-rueda-desecante-secadora\/#primaryimage\",\"url\":\"https:\/\/www.novatec.com\/wp-content\/uploads\/2020\/08\/NWPG-panel-1.jpg\",\"contentUrl\":\"https:\/\/www.novatec.com\/wp-content\/uploads\/2020\/08\/NWPG-panel-1.jpg\",\"width\":1080,\"height\":1080},{\"@type\":\"BreadcrumbList\",\"@id\":\"https:\/\/www.novatec.com\/es\/products\/novawheel-powerguard-rueda-desecante-secadora\/#breadcrumb\",\"itemListElement\":[{\"@type\":\"ListItem\",\"position\":1,\"name\":\"Home\",\"item\":\"https:\/\/www.novatec.com\/es\/\"},{\"@type\":\"ListItem\",\"position\":2,\"name\":\"Tienda\",\"item\":\"https:\/\/www.novatec.com\/es\/tienda\/\"},{\"@type\":\"ListItem\",\"position\":3,\"name\":\"NovaWheel\u2122 PowerGuard Rueda Desecante Secadora\"}]},{\"@type\":\"WebSite\",\"@id\":\"https:\/\/www.novatec.com\/es\/#website\",\"url\":\"https:\/\/www.novatec.com\/es\/\",\"name\":\"Novatec, Inc.\",\"description\":\"\",\"publisher\":{\"@id\":\"https:\/\/www.novatec.com\/es\/#organization\"},\"potentialAction\":[{\"@type\":\"SearchAction\",\"target\":{\"@type\":\"EntryPoint\",\"urlTemplate\":\"https:\/\/www.novatec.com\/es\/?s={search_term_string}\"},\"query-input\":{\"@type\":\"PropertyValueSpecification\",\"valueRequired\":true,\"valueName\":\"search_term_string\"}}],\"inLanguage\":\"es\"},{\"@type\":\"Organization\",\"@id\":\"https:\/\/www.novatec.com\/es\/#organization\",\"name\":\"Novatec, Inc.\",\"url\":\"https:\/\/www.novatec.com\/es\/\",\"logo\":{\"@type\":\"ImageObject\",\"inLanguage\":\"es\",\"@id\":\"https:\/\/www.novatec.com\/es\/#\/schema\/logo\/image\/\",\"url\":\"https:\/\/www.novatec.com\/wp-content\/uploads\/2020\/07\/logo.png\",\"contentUrl\":\"https:\/\/www.novatec.com\/wp-content\/uploads\/2020\/07\/logo.png\",\"width\":771,\"height\":146,\"caption\":\"Novatec, Inc.\"},\"image\":{\"@id\":\"https:\/\/www.novatec.com\/es\/#\/schema\/logo\/image\/\"},\"sameAs\":[\"https:\/\/www.linkedin.com\/company\/novatec\",\"https:\/\/youtube.com\/user\/novatecinc\"]}]}<\/script>\n<!-- \/ Yoast SEO Premium plugin. -->","yoast_head_json":{"title":"NovaWheel\u2122 PowerGuard Rueda Desecante Secadora - Novatec, Inc.","robots":{"index":"index","follow":"follow","max-snippet":"max-snippet:-1","max-image-preview":"max-image-preview:large","max-video-preview":"max-video-preview:-1"},"canonical":"https:\/\/www.novatec.com\/es\/products\/novawheel-powerguard-rueda-desecante-secadora\/","og_locale":"es_ES","og_type":"article","og_title":"NovaWheel\u2122 PowerGuard Rueda Desecante Secadora","og_description":"270-2272 kg.\/hora (600-5000 lb.\/hora) Los Secadores NovaWheel PowerGuard est\u00e1n dise\u00f1ados para el secado \u00f3ptimo de una amplia gama de resinas. Ahorro de energ\u00eda patentado con el Control Adaptativo del Calentamiento del Proceso y la Optimizaci\u00f3n de la Regeneraci\u00f3n.","og_url":"https:\/\/www.novatec.com\/es\/products\/novawheel-powerguard-rueda-desecante-secadora\/","og_site_name":"Novatec, Inc.","og_image":[{"width":1080,"height":1080,"url":"https:\/\/www.novatec.com\/wp-content\/uploads\/2020\/08\/NWPG-panel-1.jpg","type":"image\/jpeg"}],"twitter_card":"summary_large_image","schema":{"@context":"https:\/\/schema.org","@graph":[{"@type":"WebPage","@id":"https:\/\/www.novatec.com\/es\/products\/novawheel-powerguard-rueda-desecante-secadora\/","url":"https:\/\/www.novatec.com\/es\/products\/novawheel-powerguard-rueda-desecante-secadora\/","name":"NovaWheel\u2122 PowerGuard Rueda Desecante Secadora - Novatec, Inc.","isPartOf":{"@id":"https:\/\/www.novatec.com\/es\/#website"},"primaryImageOfPage":{"@id":"https:\/\/www.novatec.com\/es\/products\/novawheel-powerguard-rueda-desecante-secadora\/#primaryimage"},"image":{"@id":"https:\/\/www.novatec.com\/es\/products\/novawheel-powerguard-rueda-desecante-secadora\/#primaryimage"},"thumbnailUrl":"https:\/\/www.novatec.com\/wp-content\/uploads\/2020\/08\/NWPG-panel-1.jpg","datePublished":"2020-08-13T19:48:22+00:00","breadcrumb":{"@id":"https:\/\/www.novatec.com\/es\/products\/novawheel-powerguard-rueda-desecante-secadora\/#breadcrumb"},"inLanguage":"es","potentialAction":[{"@type":"ReadAction","target":["https:\/\/www.novatec.com\/es\/products\/novawheel-powerguard-rueda-desecante-secadora\/"]}]},{"@type":"ImageObject","inLanguage":"es","@id":"https:\/\/www.novatec.com\/es\/products\/novawheel-powerguard-rueda-desecante-secadora\/#primaryimage","url":"https:\/\/www.novatec.com\/wp-content\/uploads\/2020\/08\/NWPG-panel-1.jpg","contentUrl":"https:\/\/www.novatec.com\/wp-content\/uploads\/2020\/08\/NWPG-panel-1.jpg","width":1080,"height":1080},{"@type":"BreadcrumbList","@id":"https:\/\/www.novatec.com\/es\/products\/novawheel-powerguard-rueda-desecante-secadora\/#breadcrumb","itemListElement":[{"@type":"ListItem","position":1,"name":"Home","item":"https:\/\/www.novatec.com\/es\/"},{"@type":"ListItem","position":2,"name":"Tienda","item":"https:\/\/www.novatec.com\/es\/tienda\/"},{"@type":"ListItem","position":3,"name":"NovaWheel\u2122 PowerGuard Rueda Desecante Secadora"}]},{"@type":"WebSite","@id":"https:\/\/www.novatec.com\/es\/#website","url":"https:\/\/www.novatec.com\/es\/","name":"Novatec, Inc.","description":"","publisher":{"@id":"https:\/\/www.novatec.com\/es\/#organization"},"potentialAction":[{"@type":"SearchAction","target":{"@type":"EntryPoint","urlTemplate":"https:\/\/www.novatec.com\/es\/?s={search_term_string}"},"query-input":{"@type":"PropertyValueSpecification","valueRequired":true,"valueName":"search_term_string"}}],"inLanguage":"es"},{"@type":"Organization","@id":"https:\/\/www.novatec.com\/es\/#organization","name":"Novatec, Inc.","url":"https:\/\/www.novatec.com\/es\/","logo":{"@type":"ImageObject","inLanguage":"es","@id":"https:\/\/www.novatec.com\/es\/#\/schema\/logo\/image\/","url":"https:\/\/www.novatec.com\/wp-content\/uploads\/2020\/07\/logo.png","contentUrl":"https:\/\/www.novatec.com\/wp-content\/uploads\/2020\/07\/logo.png","width":771,"height":146,"caption":"Novatec, Inc."},"image":{"@id":"https:\/\/www.novatec.com\/es\/#\/schema\/logo\/image\/"},"sameAs":["https:\/\/www.linkedin.com\/company\/novatec","https:\/\/youtube.com\/user\/novatecinc"]}]}},"builder_content":"","_links":{"self":[{"href":"https:\/\/www.novatec.com\/es\/wp-json\/wp\/v2\/product\/13694","targetHints":{"allow":["GET"]}}],"collection":[{"href":"https:\/\/www.novatec.com\/es\/wp-json\/wp\/v2\/product"}],"about":[{"href":"https:\/\/www.novatec.com\/es\/wp-json\/wp\/v2\/types\/product"}],"wp:featuredmedia":[{"embeddable":true,"href":"https:\/\/www.novatec.com\/es\/wp-json\/wp\/v2\/media\/13695"}],"wp:attachment":[{"href":"https:\/\/www.novatec.com\/es\/wp-json\/wp\/v2\/media?parent=13694"}],"wp:term":[{"taxonomy":"product_brand","embeddable":true,"href":"https:\/\/www.novatec.com\/es\/wp-json\/wp\/v2\/product_brand?post=13694"},{"taxonomy":"product_cat","embeddable":true,"href":"https:\/\/www.novatec.com\/es\/wp-json\/wp\/v2\/product_cat?post=13694"},{"taxonomy":"product_tag","embeddable":true,"href":"https:\/\/www.novatec.com\/es\/wp-json\/wp\/v2\/product_tag?post=13694"}],"curies":[{"name":"wp","href":"https:\/\/api.w.org\/{rel}","templated":true}]}}