{"id":13707,"date":"2020-08-13T18:04:35","date_gmt":"2020-08-13T18:04:35","guid":{"rendered":"https:\/\/www.novatec.com\/product\/novawheel-paquetes-portatiles-de-secado-transporte-nwb-dc-plus-y-nwb-dc\/"},"modified":"2020-08-13T18:04:35","modified_gmt":"2020-08-13T18:04:35","slug":"novawheel-paquetes-portatiles-de-secado-transporte-nwb-dc-plus-y-nwb-dc","status":"publish","type":"product","link":"https:\/\/www.novatec.com\/es\/products\/novawheel-paquetes-portatiles-de-secado-transporte-nwb-dc-plus-y-nwb-dc\/","title":{"rendered":"NovaWheel\u2122 Paquetes port\u00e1tiles de secado\/transporte NWB-DC-PLUS y NWB-DC"},"content":{"rendered":"<ul>\n<li>El modelo DC-PLUS incluye un PLC con pantalla t\u00e1ctil en color de 7&#8243; de alta resoluci\u00f3n<\/li>\n<li>Protecci\u00f3n OverDry para nylon y otros materiales sensibles a la humedad<br \/>\nGu\u00eda intuitiva de control y diagn\u00f3stico completa con fotos en la pantalla t\u00e1ctil<\/li>\n<li>Conexi\u00f3n Ethernet inteligente con registro de datos y tendencias<\/li>\n<li>La regeneraci\u00f3n inteligente minimiza el consumo de energ\u00eda<\/li>\n<li>Detecci\u00f3n trif\u00e1sica est\u00e1ndar<\/li>\n<li>Temporizador Auto STOP\/START Para Cualquier Combinaci\u00f3n de Horas\/D\u00eda o D\u00edas por Semana<\/li>\n<li>Analizador de Punto de Roc\u00edo con Alarma Indicadora<\/li>\n<li>Transporte por aire seco<\/li>\n<li>Luz de alarma roja\/verde<\/li>\n<li>Los modelos b\u00e1sicos NWB-DC incluyen un PLC en color de 4<\/li>\n<li>Garant\u00eda de 5 a\u00f1os para el menor coste de propiedad en todos los modelos NWB<\/li>\n<\/ul>\n<h6>Adem\u00e1s:<\/h6>\n<ul>\n<li>Supervisi\u00f3n y alarma autom\u00e1ticas del estado del filtro de la secadora<\/li>\n<li>Soplador de vac\u00edo centralizado para transporte<\/li>\n<li>Receptor de tolva, receptor de montaje en m\u00e1quina, 15 m de manguera flexible, abrazaderas y varilla de recogida<\/li>\n<li>Tolva de acero inoxidable de alta eficacia<\/li>\n<li>Serpent\u00edn de enfriamiento con drenaje de plastificante para secado por encima de 225 \u00b0F<\/li>\n<li>V\u00e1lvula de purga de vac\u00edo con descarga de compuerta deslizante<\/li>\n<li>Soporte de pie con ruedas de 5&#8243; para mayor movilidad<\/li>\n<li>Alarma y mensaje de diagn\u00f3stico claros &#8211; SIN c\u00f3digos ni b\u00fasquedas confusas.<\/li>\n<\/ul>\n","protected":false},"excerpt":{"rendered":"<h4>Rendimiento: de 11-136 kg\/h (25 a 300 lb\/h)<\/h4>\n<p class=\"description\">\u00a1Control PLC con pantalla t\u00e1ctil de serie y funciones de secadora de serie que otros llaman opciones! M\u00c1S 5 a\u00f1os de garant\u00eda en todos los modelos.<\/p>\n<p class=\"description\">Los paquetes NWB-DC-PLUS incluyen todos los accesorios necesarios para un secado eficaz y el transporte de cualquier resina a una m\u00e1quina de proceso, M\u00c1S un PLC con pantalla t\u00e1ctil en color de 7&#8243; y alta resoluci\u00f3n, con funciones avanzadas como la protecci\u00f3n contra el secado excesivo, el diagn\u00f3stico fotoasistido, las tendencias y el registro de datos.<\/p>\n<p class=\"description\">Si s\u00f3lo necesitas un modelo b\u00e1sico de Secadora\/Transportadora port\u00e1til, elige la NWB-DC con PLC de pantalla t\u00e1ctil en color de 4&#8243;, sin las funciones avanzadas. Garant\u00eda de 5 a\u00f1os en TODOS los modelos.<\/p>\n","protected":false},"featured_media":13708,"template":"","meta":[],"product_brand":[],"product_cat":[226],"product_tag":[227],"class_list":{"0":"post-13707","1":"product","2":"type-product","3":"status-publish","4":"has-post-thumbnail","6":"product_cat-rueda-desecante","7":"product_tag-producto","8":"has-post-title","9":"has-post-date","10":"has-post-category","11":"has-post-tag","12":"has-post-comment","13":"has-post-author","14":"","16":"first","17":"instock","18":"featured","19":"shipping-taxable","20":"product-type-simple"},"yoast_head":"<!-- This site is optimized with the Yoast SEO Premium plugin v27.1 (Yoast SEO v27.1.1) - https:\/\/yoast.com\/product\/yoast-seo-premium-wordpress\/ -->\n<title>NovaWheel\u2122 Paquetes port\u00e1tiles de secado\/transporte NWB-DC-PLUS y NWB-DC - Novatec, Inc.<\/title>\n<meta name=\"robots\" content=\"index, follow, max-snippet:-1, max-image-preview:large, max-video-preview:-1\" \/>\n<link rel=\"canonical\" href=\"https:\/\/www.novatec.com\/es\/products\/novawheel-paquetes-portatiles-de-secado-transporte-nwb-dc-plus-y-nwb-dc\/\" \/>\n<meta property=\"og:locale\" content=\"es_ES\" \/>\n<meta property=\"og:type\" content=\"article\" \/>\n<meta property=\"og:title\" content=\"NovaWheel\u2122 Paquetes port\u00e1tiles de secado\/transporte NWB-DC-PLUS y NWB-DC\" \/>\n<meta property=\"og:description\" content=\"Rendimiento: de 11-136 kg\/h (25 a 300 lb\/h) \u00a1Control PLC con pantalla t\u00e1ctil de serie y funciones de secadora de serie que otros llaman opciones! M\u00c1S 5 a\u00f1os de garant\u00eda en todos los modelos. Los paquetes NWB-DC-PLUS incluyen todos los accesorios necesarios para un secado eficaz y el transporte de cualquier resina a una m\u00e1quina de proceso, M\u00c1S un PLC con pantalla t\u00e1ctil en color de 7&quot; y alta resoluci\u00f3n, con funciones avanzadas como la protecci\u00f3n contra el secado excesivo, el diagn\u00f3stico fotoasistido, las tendencias y el registro de datos. Si s\u00f3lo necesitas un modelo b\u00e1sico de Secadora\/Transportadora port\u00e1til, elige la NWB-DC con PLC de pantalla t\u00e1ctil en color de 4&quot;, sin las funciones avanzadas. Garant\u00eda de 5 a\u00f1os en TODOS los modelos.\" \/>\n<meta property=\"og:url\" content=\"https:\/\/www.novatec.com\/es\/products\/novawheel-paquetes-portatiles-de-secado-transporte-nwb-dc-plus-y-nwb-dc\/\" \/>\n<meta property=\"og:site_name\" content=\"Novatec, Inc.\" \/>\n<meta property=\"og:image\" content=\"https:\/\/www.novatec.com\/wp-content\/uploads\/2020\/08\/NWB-DC-Plus-1.jpg\" \/>\n\t<meta property=\"og:image:width\" content=\"800\" \/>\n\t<meta property=\"og:image:height\" content=\"800\" \/>\n\t<meta property=\"og:image:type\" content=\"image\/jpeg\" \/>\n<meta name=\"twitter:card\" content=\"summary_large_image\" \/>\n<meta name=\"twitter:label1\" content=\"Tiempo de lectura\" \/>\n\t<meta name=\"twitter:data1\" content=\"1 minuto\" \/>\n<script type=\"application\/ld+json\" class=\"yoast-schema-graph\">{\"@context\":\"https:\/\/schema.org\",\"@graph\":[{\"@type\":\"WebPage\",\"@id\":\"https:\/\/www.novatec.com\/es\/products\/novawheel-paquetes-portatiles-de-secado-transporte-nwb-dc-plus-y-nwb-dc\/\",\"url\":\"https:\/\/www.novatec.com\/es\/products\/novawheel-paquetes-portatiles-de-secado-transporte-nwb-dc-plus-y-nwb-dc\/\",\"name\":\"NovaWheel\u2122 Paquetes port\u00e1tiles de secado\/transporte NWB-DC-PLUS y NWB-DC - Novatec, Inc.\",\"isPartOf\":{\"@id\":\"https:\/\/www.novatec.com\/es\/#website\"},\"primaryImageOfPage\":{\"@id\":\"https:\/\/www.novatec.com\/es\/products\/novawheel-paquetes-portatiles-de-secado-transporte-nwb-dc-plus-y-nwb-dc\/#primaryimage\"},\"image\":{\"@id\":\"https:\/\/www.novatec.com\/es\/products\/novawheel-paquetes-portatiles-de-secado-transporte-nwb-dc-plus-y-nwb-dc\/#primaryimage\"},\"thumbnailUrl\":\"https:\/\/www.novatec.com\/wp-content\/uploads\/2020\/08\/NWB-DC-Plus-1.jpg\",\"datePublished\":\"2020-08-13T18:04:35+00:00\",\"breadcrumb\":{\"@id\":\"https:\/\/www.novatec.com\/es\/products\/novawheel-paquetes-portatiles-de-secado-transporte-nwb-dc-plus-y-nwb-dc\/#breadcrumb\"},\"inLanguage\":\"es\",\"potentialAction\":[{\"@type\":\"ReadAction\",\"target\":[\"https:\/\/www.novatec.com\/es\/products\/novawheel-paquetes-portatiles-de-secado-transporte-nwb-dc-plus-y-nwb-dc\/\"]}]},{\"@type\":\"ImageObject\",\"inLanguage\":\"es\",\"@id\":\"https:\/\/www.novatec.com\/es\/products\/novawheel-paquetes-portatiles-de-secado-transporte-nwb-dc-plus-y-nwb-dc\/#primaryimage\",\"url\":\"https:\/\/www.novatec.com\/wp-content\/uploads\/2020\/08\/NWB-DC-Plus-1.jpg\",\"contentUrl\":\"https:\/\/www.novatec.com\/wp-content\/uploads\/2020\/08\/NWB-DC-Plus-1.jpg\",\"width\":800,\"height\":800},{\"@type\":\"BreadcrumbList\",\"@id\":\"https:\/\/www.novatec.com\/es\/products\/novawheel-paquetes-portatiles-de-secado-transporte-nwb-dc-plus-y-nwb-dc\/#breadcrumb\",\"itemListElement\":[{\"@type\":\"ListItem\",\"position\":1,\"name\":\"Home\",\"item\":\"https:\/\/www.novatec.com\/es\/\"},{\"@type\":\"ListItem\",\"position\":2,\"name\":\"Tienda\",\"item\":\"https:\/\/www.novatec.com\/es\/tienda\/\"},{\"@type\":\"ListItem\",\"position\":3,\"name\":\"NovaWheel\u2122 Paquetes port\u00e1tiles de secado\/transporte NWB-DC-PLUS y NWB-DC\"}]},{\"@type\":\"WebSite\",\"@id\":\"https:\/\/www.novatec.com\/es\/#website\",\"url\":\"https:\/\/www.novatec.com\/es\/\",\"name\":\"Novatec, Inc.\",\"description\":\"\",\"publisher\":{\"@id\":\"https:\/\/www.novatec.com\/es\/#organization\"},\"potentialAction\":[{\"@type\":\"SearchAction\",\"target\":{\"@type\":\"EntryPoint\",\"urlTemplate\":\"https:\/\/www.novatec.com\/es\/?s={search_term_string}\"},\"query-input\":{\"@type\":\"PropertyValueSpecification\",\"valueRequired\":true,\"valueName\":\"search_term_string\"}}],\"inLanguage\":\"es\"},{\"@type\":\"Organization\",\"@id\":\"https:\/\/www.novatec.com\/es\/#organization\",\"name\":\"Novatec, Inc.\",\"url\":\"https:\/\/www.novatec.com\/es\/\",\"logo\":{\"@type\":\"ImageObject\",\"inLanguage\":\"es\",\"@id\":\"https:\/\/www.novatec.com\/es\/#\/schema\/logo\/image\/\",\"url\":\"https:\/\/www.novatec.com\/wp-content\/uploads\/2020\/07\/logo.png\",\"contentUrl\":\"https:\/\/www.novatec.com\/wp-content\/uploads\/2020\/07\/logo.png\",\"width\":771,\"height\":146,\"caption\":\"Novatec, Inc.\"},\"image\":{\"@id\":\"https:\/\/www.novatec.com\/es\/#\/schema\/logo\/image\/\"},\"sameAs\":[\"https:\/\/www.linkedin.com\/company\/novatec\",\"https:\/\/youtube.com\/user\/novatecinc\"]}]}<\/script>\n<!-- \/ Yoast SEO Premium plugin. -->","yoast_head_json":{"title":"NovaWheel\u2122 Paquetes port\u00e1tiles de secado\/transporte NWB-DC-PLUS y NWB-DC - Novatec, Inc.","robots":{"index":"index","follow":"follow","max-snippet":"max-snippet:-1","max-image-preview":"max-image-preview:large","max-video-preview":"max-video-preview:-1"},"canonical":"https:\/\/www.novatec.com\/es\/products\/novawheel-paquetes-portatiles-de-secado-transporte-nwb-dc-plus-y-nwb-dc\/","og_locale":"es_ES","og_type":"article","og_title":"NovaWheel\u2122 Paquetes port\u00e1tiles de secado\/transporte NWB-DC-PLUS y NWB-DC","og_description":"Rendimiento: de 11-136 kg\/h (25 a 300 lb\/h) \u00a1Control PLC con pantalla t\u00e1ctil de serie y funciones de secadora de serie que otros llaman opciones! M\u00c1S 5 a\u00f1os de garant\u00eda en todos los modelos. Los paquetes NWB-DC-PLUS incluyen todos los accesorios necesarios para un secado eficaz y el transporte de cualquier resina a una m\u00e1quina de proceso, M\u00c1S un PLC con pantalla t\u00e1ctil en color de 7\" y alta resoluci\u00f3n, con funciones avanzadas como la protecci\u00f3n contra el secado excesivo, el diagn\u00f3stico fotoasistido, las tendencias y el registro de datos. Si s\u00f3lo necesitas un modelo b\u00e1sico de Secadora\/Transportadora port\u00e1til, elige la NWB-DC con PLC de pantalla t\u00e1ctil en color de 4\", sin las funciones avanzadas. Garant\u00eda de 5 a\u00f1os en TODOS los modelos.","og_url":"https:\/\/www.novatec.com\/es\/products\/novawheel-paquetes-portatiles-de-secado-transporte-nwb-dc-plus-y-nwb-dc\/","og_site_name":"Novatec, Inc.","og_image":[{"width":800,"height":800,"url":"https:\/\/www.novatec.com\/wp-content\/uploads\/2020\/08\/NWB-DC-Plus-1.jpg","type":"image\/jpeg"}],"twitter_card":"summary_large_image","twitter_misc":{"Tiempo de lectura":"1 minuto"},"schema":{"@context":"https:\/\/schema.org","@graph":[{"@type":"WebPage","@id":"https:\/\/www.novatec.com\/es\/products\/novawheel-paquetes-portatiles-de-secado-transporte-nwb-dc-plus-y-nwb-dc\/","url":"https:\/\/www.novatec.com\/es\/products\/novawheel-paquetes-portatiles-de-secado-transporte-nwb-dc-plus-y-nwb-dc\/","name":"NovaWheel\u2122 Paquetes port\u00e1tiles de secado\/transporte NWB-DC-PLUS y NWB-DC - Novatec, Inc.","isPartOf":{"@id":"https:\/\/www.novatec.com\/es\/#website"},"primaryImageOfPage":{"@id":"https:\/\/www.novatec.com\/es\/products\/novawheel-paquetes-portatiles-de-secado-transporte-nwb-dc-plus-y-nwb-dc\/#primaryimage"},"image":{"@id":"https:\/\/www.novatec.com\/es\/products\/novawheel-paquetes-portatiles-de-secado-transporte-nwb-dc-plus-y-nwb-dc\/#primaryimage"},"thumbnailUrl":"https:\/\/www.novatec.com\/wp-content\/uploads\/2020\/08\/NWB-DC-Plus-1.jpg","datePublished":"2020-08-13T18:04:35+00:00","breadcrumb":{"@id":"https:\/\/www.novatec.com\/es\/products\/novawheel-paquetes-portatiles-de-secado-transporte-nwb-dc-plus-y-nwb-dc\/#breadcrumb"},"inLanguage":"es","potentialAction":[{"@type":"ReadAction","target":["https:\/\/www.novatec.com\/es\/products\/novawheel-paquetes-portatiles-de-secado-transporte-nwb-dc-plus-y-nwb-dc\/"]}]},{"@type":"ImageObject","inLanguage":"es","@id":"https:\/\/www.novatec.com\/es\/products\/novawheel-paquetes-portatiles-de-secado-transporte-nwb-dc-plus-y-nwb-dc\/#primaryimage","url":"https:\/\/www.novatec.com\/wp-content\/uploads\/2020\/08\/NWB-DC-Plus-1.jpg","contentUrl":"https:\/\/www.novatec.com\/wp-content\/uploads\/2020\/08\/NWB-DC-Plus-1.jpg","width":800,"height":800},{"@type":"BreadcrumbList","@id":"https:\/\/www.novatec.com\/es\/products\/novawheel-paquetes-portatiles-de-secado-transporte-nwb-dc-plus-y-nwb-dc\/#breadcrumb","itemListElement":[{"@type":"ListItem","position":1,"name":"Home","item":"https:\/\/www.novatec.com\/es\/"},{"@type":"ListItem","position":2,"name":"Tienda","item":"https:\/\/www.novatec.com\/es\/tienda\/"},{"@type":"ListItem","position":3,"name":"NovaWheel\u2122 Paquetes port\u00e1tiles de secado\/transporte NWB-DC-PLUS y NWB-DC"}]},{"@type":"WebSite","@id":"https:\/\/www.novatec.com\/es\/#website","url":"https:\/\/www.novatec.com\/es\/","name":"Novatec, Inc.","description":"","publisher":{"@id":"https:\/\/www.novatec.com\/es\/#organization"},"potentialAction":[{"@type":"SearchAction","target":{"@type":"EntryPoint","urlTemplate":"https:\/\/www.novatec.com\/es\/?s={search_term_string}"},"query-input":{"@type":"PropertyValueSpecification","valueRequired":true,"valueName":"search_term_string"}}],"inLanguage":"es"},{"@type":"Organization","@id":"https:\/\/www.novatec.com\/es\/#organization","name":"Novatec, Inc.","url":"https:\/\/www.novatec.com\/es\/","logo":{"@type":"ImageObject","inLanguage":"es","@id":"https:\/\/www.novatec.com\/es\/#\/schema\/logo\/image\/","url":"https:\/\/www.novatec.com\/wp-content\/uploads\/2020\/07\/logo.png","contentUrl":"https:\/\/www.novatec.com\/wp-content\/uploads\/2020\/07\/logo.png","width":771,"height":146,"caption":"Novatec, Inc."},"image":{"@id":"https:\/\/www.novatec.com\/es\/#\/schema\/logo\/image\/"},"sameAs":["https:\/\/www.linkedin.com\/company\/novatec","https:\/\/youtube.com\/user\/novatecinc"]}]}},"builder_content":"","_links":{"self":[{"href":"https:\/\/www.novatec.com\/es\/wp-json\/wp\/v2\/product\/13707","targetHints":{"allow":["GET"]}}],"collection":[{"href":"https:\/\/www.novatec.com\/es\/wp-json\/wp\/v2\/product"}],"about":[{"href":"https:\/\/www.novatec.com\/es\/wp-json\/wp\/v2\/types\/product"}],"wp:featuredmedia":[{"embeddable":true,"href":"https:\/\/www.novatec.com\/es\/wp-json\/wp\/v2\/media\/13708"}],"wp:attachment":[{"href":"https:\/\/www.novatec.com\/es\/wp-json\/wp\/v2\/media?parent=13707"}],"wp:term":[{"taxonomy":"product_brand","embeddable":true,"href":"https:\/\/www.novatec.com\/es\/wp-json\/wp\/v2\/product_brand?post=13707"},{"taxonomy":"product_cat","embeddable":true,"href":"https:\/\/www.novatec.com\/es\/wp-json\/wp\/v2\/product_cat?post=13707"},{"taxonomy":"product_tag","embeddable":true,"href":"https:\/\/www.novatec.com\/es\/wp-json\/wp\/v2\/product_tag?post=13707"}],"curies":[{"name":"wp","href":"https:\/\/api.w.org\/{rel}","templated":true}]}}