{"id":13714,"date":"2020-08-13T18:46:01","date_gmt":"2020-08-13T18:46:01","guid":{"rendered":"https:\/\/www.novatec.com\/product\/novawheel-secador-pequeno-nwb-plus-y-nwb\/"},"modified":"2020-08-13T18:46:01","modified_gmt":"2020-08-13T18:46:01","slug":"novawheel-secador-pequeno-nwb-plus-y-nwb","status":"publish","type":"product","link":"https:\/\/www.novatec.com\/es\/products\/novawheel-secador-pequeno-nwb-plus-y-nwb\/","title":{"rendered":"NovaWheel\u2122 Secador Peque\u00f1o NWB-PLUS y NWB"},"content":{"rendered":"<ul>\n<li>El modelo NWB-PLUS incluye un PLC con pantalla t\u00e1ctil en color de alta resoluci\u00f3n de 7&#8221; y 5 a\u00f1os de garant\u00eda<\/li>\n<li>Protecci\u00f3n OverDry para nylon y otros materiales sensibles a la humedad<\/li>\n<li>Gu\u00eda intuitiva de control y diagn\u00f3stico completa con fotos en la pantalla t\u00e1ctil<\/li>\n<li>Conexi\u00f3n Ethernet inteligente con registro de datos y tendencias<\/li>\n<li>La regeneraci\u00f3n inteligente minimiza el consumo de energ\u00eda<\/li>\n<li>Detecci\u00f3n trif\u00e1sica est\u00e1ndar<\/li>\n<li>Temporizador Auto STOP\/START Para Cualquier Combinaci\u00f3n de Horas\/D\u00eda o D\u00edas por Semana<\/li>\n<li>Analizador de Punto de Roc\u00edo con Alarma Indicadora<\/li>\n<li>Luz de alarma roja\/verde<\/li>\n<li>Los modelos NWB incluyen un PLC con pantalla t\u00e1ctil en color de 4&#8243; con protecci\u00f3n contra el secado excesivo como opci\u00f3n, diagn\u00f3sticos en palabras sin las fotos<\/li>\n<li>Garant\u00eda de 5 a\u00f1os para el menor coste de propiedad en TODOS los modelos<\/li>\n<\/ul>\n<h6>Adem\u00e1s:<\/h6>\n<ul>\n<li>Supervisi\u00f3n y alarma autom\u00e1ticas del estado del filtro de la secadora<\/li>\n<li>Serpent\u00edn de enfriamiento con drenaje de plastificante para secado por encima de 225 \u00b0F<\/li>\n<li>Ruedas de 5&#8243; para mayor movilidad<\/li>\n<\/ul>\n","protected":false},"excerpt":{"rendered":"<h4 class=\"subtitle\">11-182 Kg\/h (25-400 lb\/h)<\/h4>\n<p>\u00a1Control PLC con pantalla t\u00e1ctil de serie y funciones de secadora de serie que otros llaman opciones! M\u00c1S 5 a\u00f1os de garant\u00eda en TODOS los modelos.<\/p>\n<p>Los paquetes NWB-PLUS incluyen un PLC con pantalla t\u00e1ctil en color de 7&#8243; y alta resoluci\u00f3n, con funciones avanzadas como la protecci\u00f3n contra el secado excesivo, el diagn\u00f3stico fotoasistido, las tendencias y el registro de datos.<\/p>\n<p>Si s\u00f3lo necesitas un modelo b\u00e1sico de secador port\u00e1til, elige el NWB con PLC de pantalla t\u00e1ctil en color de 4&#8243; sin el avanzado. Todos los modelos tienen una garant\u00eda de 5 a\u00f1os.<\/p>\n","protected":false},"featured_media":13715,"template":"","meta":[],"product_brand":[],"product_cat":[226],"product_tag":[227],"class_list":{"0":"post-13714","1":"product","2":"type-product","3":"status-publish","4":"has-post-thumbnail","6":"product_cat-rueda-desecante","7":"product_tag-producto","8":"has-post-title","9":"has-post-date","10":"has-post-category","11":"has-post-tag","12":"has-post-comment","13":"has-post-author","14":"","16":"first","17":"instock","18":"shipping-taxable","19":"product-type-simple"},"yoast_head":"<!-- This site is optimized with the Yoast SEO Premium plugin v27.1 (Yoast SEO v27.1.1) - https:\/\/yoast.com\/product\/yoast-seo-premium-wordpress\/ -->\n<title>NovaWheel\u2122 Secador Peque\u00f1o NWB-PLUS y NWB - Novatec, Inc.<\/title>\n<meta name=\"robots\" content=\"index, follow, max-snippet:-1, max-image-preview:large, max-video-preview:-1\" \/>\n<link rel=\"canonical\" href=\"https:\/\/www.novatec.com\/es\/products\/novawheel-secador-pequeno-nwb-plus-y-nwb\/\" \/>\n<meta property=\"og:locale\" content=\"es_ES\" \/>\n<meta property=\"og:type\" content=\"article\" \/>\n<meta property=\"og:title\" content=\"NovaWheel\u2122 Secador Peque\u00f1o NWB-PLUS y NWB\" \/>\n<meta property=\"og:description\" content=\"11-182 Kg\/h (25-400 lb\/h) \u00a1Control PLC con pantalla t\u00e1ctil de serie y funciones de secadora de serie que otros llaman opciones! M\u00c1S 5 a\u00f1os de garant\u00eda en TODOS los modelos. Los paquetes NWB-PLUS incluyen un PLC con pantalla t\u00e1ctil en color de 7&quot; y alta resoluci\u00f3n, con funciones avanzadas como la protecci\u00f3n contra el secado excesivo, el diagn\u00f3stico fotoasistido, las tendencias y el registro de datos. Si s\u00f3lo necesitas un modelo b\u00e1sico de secador port\u00e1til, elige el NWB con PLC de pantalla t\u00e1ctil en color de 4&quot; sin el avanzado. Todos los modelos tienen una garant\u00eda de 5 a\u00f1os.\" \/>\n<meta property=\"og:url\" content=\"https:\/\/www.novatec.com\/es\/products\/novawheel-secador-pequeno-nwb-plus-y-nwb\/\" \/>\n<meta property=\"og:site_name\" content=\"Novatec, Inc.\" \/>\n<meta property=\"og:image\" content=\"https:\/\/www.novatec.com\/wp-content\/uploads\/2020\/08\/NWB-50-Plus-1.jpg\" \/>\n\t<meta property=\"og:image:width\" content=\"800\" \/>\n\t<meta property=\"og:image:height\" content=\"800\" \/>\n\t<meta property=\"og:image:type\" content=\"image\/jpeg\" \/>\n<meta name=\"twitter:card\" content=\"summary_large_image\" \/>\n<meta name=\"twitter:label1\" content=\"Tiempo de lectura\" \/>\n\t<meta name=\"twitter:data1\" content=\"1 minuto\" \/>\n<script type=\"application\/ld+json\" class=\"yoast-schema-graph\">{\"@context\":\"https:\/\/schema.org\",\"@graph\":[{\"@type\":\"WebPage\",\"@id\":\"https:\/\/www.novatec.com\/es\/products\/novawheel-secador-pequeno-nwb-plus-y-nwb\/\",\"url\":\"https:\/\/www.novatec.com\/es\/products\/novawheel-secador-pequeno-nwb-plus-y-nwb\/\",\"name\":\"NovaWheel\u2122 Secador Peque\u00f1o NWB-PLUS y NWB - Novatec, Inc.\",\"isPartOf\":{\"@id\":\"https:\/\/www.novatec.com\/es\/#website\"},\"primaryImageOfPage\":{\"@id\":\"https:\/\/www.novatec.com\/es\/products\/novawheel-secador-pequeno-nwb-plus-y-nwb\/#primaryimage\"},\"image\":{\"@id\":\"https:\/\/www.novatec.com\/es\/products\/novawheel-secador-pequeno-nwb-plus-y-nwb\/#primaryimage\"},\"thumbnailUrl\":\"https:\/\/www.novatec.com\/wp-content\/uploads\/2020\/08\/NWB-50-Plus-1.jpg\",\"datePublished\":\"2020-08-13T18:46:01+00:00\",\"breadcrumb\":{\"@id\":\"https:\/\/www.novatec.com\/es\/products\/novawheel-secador-pequeno-nwb-plus-y-nwb\/#breadcrumb\"},\"inLanguage\":\"es\",\"potentialAction\":[{\"@type\":\"ReadAction\",\"target\":[\"https:\/\/www.novatec.com\/es\/products\/novawheel-secador-pequeno-nwb-plus-y-nwb\/\"]}]},{\"@type\":\"ImageObject\",\"inLanguage\":\"es\",\"@id\":\"https:\/\/www.novatec.com\/es\/products\/novawheel-secador-pequeno-nwb-plus-y-nwb\/#primaryimage\",\"url\":\"https:\/\/www.novatec.com\/wp-content\/uploads\/2020\/08\/NWB-50-Plus-1.jpg\",\"contentUrl\":\"https:\/\/www.novatec.com\/wp-content\/uploads\/2020\/08\/NWB-50-Plus-1.jpg\",\"width\":800,\"height\":800},{\"@type\":\"BreadcrumbList\",\"@id\":\"https:\/\/www.novatec.com\/es\/products\/novawheel-secador-pequeno-nwb-plus-y-nwb\/#breadcrumb\",\"itemListElement\":[{\"@type\":\"ListItem\",\"position\":1,\"name\":\"Home\",\"item\":\"https:\/\/www.novatec.com\/es\/\"},{\"@type\":\"ListItem\",\"position\":2,\"name\":\"Tienda\",\"item\":\"https:\/\/www.novatec.com\/es\/tienda\/\"},{\"@type\":\"ListItem\",\"position\":3,\"name\":\"NovaWheel\u2122 Secador Peque\u00f1o NWB-PLUS y NWB\"}]},{\"@type\":\"WebSite\",\"@id\":\"https:\/\/www.novatec.com\/es\/#website\",\"url\":\"https:\/\/www.novatec.com\/es\/\",\"name\":\"Novatec, Inc.\",\"description\":\"\",\"publisher\":{\"@id\":\"https:\/\/www.novatec.com\/es\/#organization\"},\"potentialAction\":[{\"@type\":\"SearchAction\",\"target\":{\"@type\":\"EntryPoint\",\"urlTemplate\":\"https:\/\/www.novatec.com\/es\/?s={search_term_string}\"},\"query-input\":{\"@type\":\"PropertyValueSpecification\",\"valueRequired\":true,\"valueName\":\"search_term_string\"}}],\"inLanguage\":\"es\"},{\"@type\":\"Organization\",\"@id\":\"https:\/\/www.novatec.com\/es\/#organization\",\"name\":\"Novatec, Inc.\",\"url\":\"https:\/\/www.novatec.com\/es\/\",\"logo\":{\"@type\":\"ImageObject\",\"inLanguage\":\"es\",\"@id\":\"https:\/\/www.novatec.com\/es\/#\/schema\/logo\/image\/\",\"url\":\"https:\/\/www.novatec.com\/wp-content\/uploads\/2020\/07\/logo.png\",\"contentUrl\":\"https:\/\/www.novatec.com\/wp-content\/uploads\/2020\/07\/logo.png\",\"width\":771,\"height\":146,\"caption\":\"Novatec, Inc.\"},\"image\":{\"@id\":\"https:\/\/www.novatec.com\/es\/#\/schema\/logo\/image\/\"},\"sameAs\":[\"https:\/\/www.linkedin.com\/company\/novatec\",\"https:\/\/youtube.com\/user\/novatecinc\"]}]}<\/script>\n<!-- \/ Yoast SEO Premium plugin. -->","yoast_head_json":{"title":"NovaWheel\u2122 Secador Peque\u00f1o NWB-PLUS y NWB - Novatec, Inc.","robots":{"index":"index","follow":"follow","max-snippet":"max-snippet:-1","max-image-preview":"max-image-preview:large","max-video-preview":"max-video-preview:-1"},"canonical":"https:\/\/www.novatec.com\/es\/products\/novawheel-secador-pequeno-nwb-plus-y-nwb\/","og_locale":"es_ES","og_type":"article","og_title":"NovaWheel\u2122 Secador Peque\u00f1o NWB-PLUS y NWB","og_description":"11-182 Kg\/h (25-400 lb\/h) \u00a1Control PLC con pantalla t\u00e1ctil de serie y funciones de secadora de serie que otros llaman opciones! M\u00c1S 5 a\u00f1os de garant\u00eda en TODOS los modelos. Los paquetes NWB-PLUS incluyen un PLC con pantalla t\u00e1ctil en color de 7\" y alta resoluci\u00f3n, con funciones avanzadas como la protecci\u00f3n contra el secado excesivo, el diagn\u00f3stico fotoasistido, las tendencias y el registro de datos. Si s\u00f3lo necesitas un modelo b\u00e1sico de secador port\u00e1til, elige el NWB con PLC de pantalla t\u00e1ctil en color de 4\" sin el avanzado. Todos los modelos tienen una garant\u00eda de 5 a\u00f1os.","og_url":"https:\/\/www.novatec.com\/es\/products\/novawheel-secador-pequeno-nwb-plus-y-nwb\/","og_site_name":"Novatec, Inc.","og_image":[{"width":800,"height":800,"url":"https:\/\/www.novatec.com\/wp-content\/uploads\/2020\/08\/NWB-50-Plus-1.jpg","type":"image\/jpeg"}],"twitter_card":"summary_large_image","twitter_misc":{"Tiempo de lectura":"1 minuto"},"schema":{"@context":"https:\/\/schema.org","@graph":[{"@type":"WebPage","@id":"https:\/\/www.novatec.com\/es\/products\/novawheel-secador-pequeno-nwb-plus-y-nwb\/","url":"https:\/\/www.novatec.com\/es\/products\/novawheel-secador-pequeno-nwb-plus-y-nwb\/","name":"NovaWheel\u2122 Secador Peque\u00f1o NWB-PLUS y NWB - Novatec, Inc.","isPartOf":{"@id":"https:\/\/www.novatec.com\/es\/#website"},"primaryImageOfPage":{"@id":"https:\/\/www.novatec.com\/es\/products\/novawheel-secador-pequeno-nwb-plus-y-nwb\/#primaryimage"},"image":{"@id":"https:\/\/www.novatec.com\/es\/products\/novawheel-secador-pequeno-nwb-plus-y-nwb\/#primaryimage"},"thumbnailUrl":"https:\/\/www.novatec.com\/wp-content\/uploads\/2020\/08\/NWB-50-Plus-1.jpg","datePublished":"2020-08-13T18:46:01+00:00","breadcrumb":{"@id":"https:\/\/www.novatec.com\/es\/products\/novawheel-secador-pequeno-nwb-plus-y-nwb\/#breadcrumb"},"inLanguage":"es","potentialAction":[{"@type":"ReadAction","target":["https:\/\/www.novatec.com\/es\/products\/novawheel-secador-pequeno-nwb-plus-y-nwb\/"]}]},{"@type":"ImageObject","inLanguage":"es","@id":"https:\/\/www.novatec.com\/es\/products\/novawheel-secador-pequeno-nwb-plus-y-nwb\/#primaryimage","url":"https:\/\/www.novatec.com\/wp-content\/uploads\/2020\/08\/NWB-50-Plus-1.jpg","contentUrl":"https:\/\/www.novatec.com\/wp-content\/uploads\/2020\/08\/NWB-50-Plus-1.jpg","width":800,"height":800},{"@type":"BreadcrumbList","@id":"https:\/\/www.novatec.com\/es\/products\/novawheel-secador-pequeno-nwb-plus-y-nwb\/#breadcrumb","itemListElement":[{"@type":"ListItem","position":1,"name":"Home","item":"https:\/\/www.novatec.com\/es\/"},{"@type":"ListItem","position":2,"name":"Tienda","item":"https:\/\/www.novatec.com\/es\/tienda\/"},{"@type":"ListItem","position":3,"name":"NovaWheel\u2122 Secador Peque\u00f1o NWB-PLUS y NWB"}]},{"@type":"WebSite","@id":"https:\/\/www.novatec.com\/es\/#website","url":"https:\/\/www.novatec.com\/es\/","name":"Novatec, Inc.","description":"","publisher":{"@id":"https:\/\/www.novatec.com\/es\/#organization"},"potentialAction":[{"@type":"SearchAction","target":{"@type":"EntryPoint","urlTemplate":"https:\/\/www.novatec.com\/es\/?s={search_term_string}"},"query-input":{"@type":"PropertyValueSpecification","valueRequired":true,"valueName":"search_term_string"}}],"inLanguage":"es"},{"@type":"Organization","@id":"https:\/\/www.novatec.com\/es\/#organization","name":"Novatec, Inc.","url":"https:\/\/www.novatec.com\/es\/","logo":{"@type":"ImageObject","inLanguage":"es","@id":"https:\/\/www.novatec.com\/es\/#\/schema\/logo\/image\/","url":"https:\/\/www.novatec.com\/wp-content\/uploads\/2020\/07\/logo.png","contentUrl":"https:\/\/www.novatec.com\/wp-content\/uploads\/2020\/07\/logo.png","width":771,"height":146,"caption":"Novatec, Inc."},"image":{"@id":"https:\/\/www.novatec.com\/es\/#\/schema\/logo\/image\/"},"sameAs":["https:\/\/www.linkedin.com\/company\/novatec","https:\/\/youtube.com\/user\/novatecinc"]}]}},"builder_content":"","_links":{"self":[{"href":"https:\/\/www.novatec.com\/es\/wp-json\/wp\/v2\/product\/13714","targetHints":{"allow":["GET"]}}],"collection":[{"href":"https:\/\/www.novatec.com\/es\/wp-json\/wp\/v2\/product"}],"about":[{"href":"https:\/\/www.novatec.com\/es\/wp-json\/wp\/v2\/types\/product"}],"wp:featuredmedia":[{"embeddable":true,"href":"https:\/\/www.novatec.com\/es\/wp-json\/wp\/v2\/media\/13715"}],"wp:attachment":[{"href":"https:\/\/www.novatec.com\/es\/wp-json\/wp\/v2\/media?parent=13714"}],"wp:term":[{"taxonomy":"product_brand","embeddable":true,"href":"https:\/\/www.novatec.com\/es\/wp-json\/wp\/v2\/product_brand?post=13714"},{"taxonomy":"product_cat","embeddable":true,"href":"https:\/\/www.novatec.com\/es\/wp-json\/wp\/v2\/product_cat?post=13714"},{"taxonomy":"product_tag","embeddable":true,"href":"https:\/\/www.novatec.com\/es\/wp-json\/wp\/v2\/product_tag?post=13714"}],"curies":[{"name":"wp","href":"https:\/\/api.w.org\/{rel}","templated":true}]}}